{"id":2421,"date":"2026-01-01T20:26:19","date_gmt":"2026-01-01T19:26:19","guid":{"rendered":"https:\/\/agw-wetzikon.ch\/inhalt\/?page_id=2421"},"modified":"2026-02-14T14:35:01","modified_gmt":"2026-02-14T13:35:01","slug":"berichte-und-bilder-2025-2026","status":"publish","type":"page","link":"https:\/\/agw-wetzikon.ch\/inhalt\/berichte-und-bilder-2025-2026\/","title":{"rendered":"Berichte und Bilder 2025 &#8211; 2026"},"content":{"rendered":"<h2>Herbstaufsflug ins Schiefertafel-Mueseum Elm<\/h2>\n<h3>Donnerstag, 02. Oktober 2025<\/h3>\n<blockquote>\n<p style=\"text-align: left;\">Wir erinnert sich nicht daran, in jungen Jahren in der Schule auf einer Schiefertafel die ersten ABC-Versuche hingekritzelt zu haben?<\/p>\n<\/blockquote>\n<p style=\"text-align: left;\">Auf diesen Spuren begeben wir uns zur\u00fcck und besuchen die heute als Museum dienende ehemalige Schiefertafelgelfabrik in Elm GL. Nach einem halbst\u00fcndigen Film im Parterre steigen wir zu einer F\u00fchrung in den 1. Stock und schauen uns unter kundiger Leitung die Fabrik mit ihren noch funktionierenden Maschinen und Ger\u00e4ten an. Das Mittagessen nehmen wir im Hotel Elmer nur ein paar Schritte von der Schiefertafelfabrik entfernt ein. Ein typisch glanerischer Zmittag. Auf der Heimfahrt machen wir noch einen Zwischenhalt in N\u00e4fels.<\/p>\n<div id='gallery-1' class='gallery galleryid-2421 gallery-columns-3 gallery-size-thumbnail'><figure class='gallery-item'>\n\t\t\t<div class='gallery-icon portrait'>\n\t\t\t\t<a rel='attachment' href='https:\/\/agw-wetzikon.ch\/inhalt\/wp-content\/uploads\/2026\/01\/02.10.2025_Schiefertafel-Museum.jpeg'><img decoding=\"async\" width=\"150\" height=\"150\" src=\"https:\/\/agw-wetzikon.ch\/inhalt\/wp-content\/uploads\/2026\/01\/02.10.2025_Schiefertafel-Museum-150x150.jpeg\" class=\"attachment-thumbnail size-thumbnail\" alt=\"\" aria-describedby=\"gallery-1-2446\" srcset=\"https:\/\/agw-wetzikon.ch\/inhalt\/wp-content\/uploads\/2026\/01\/02.10.2025_Schiefertafel-Museum-150x150.jpeg 150w, https:\/\/agw-wetzikon.ch\/inhalt\/wp-content\/uploads\/2026\/01\/02.10.2025_Schiefertafel-Museum-432x432.jpeg 432w, https:\/\/agw-wetzikon.ch\/inhalt\/wp-content\/uploads\/2026\/01\/02.10.2025_Schiefertafel-Museum-268x268.jpeg 268w\" sizes=\"(max-width: 150px) 100vw, 150px\" \/><\/a>\n\t\t\t<\/div>\n\t\t\t\t<figcaption class='wp-caption-text gallery-caption' id='gallery-1-2446'>\n\t\t\t\tSchultafeln\n\t\t\t\t<\/figcaption><\/figure><figure class='gallery-item'>\n\t\t\t<div class='gallery-icon landscape'>\n\t\t\t\t<a rel='attachment' href='https:\/\/agw-wetzikon.ch\/inhalt\/wp-content\/uploads\/2026\/01\/02.10.2025_Schiefertrafel-Museum.jpeg'><img decoding=\"async\" width=\"150\" height=\"150\" src=\"https:\/\/agw-wetzikon.ch\/inhalt\/wp-content\/uploads\/2026\/01\/02.10.2025_Schiefertrafel-Museum-150x150.jpeg\" class=\"attachment-thumbnail size-thumbnail\" alt=\"\" aria-describedby=\"gallery-1-2447\" srcset=\"https:\/\/agw-wetzikon.ch\/inhalt\/wp-content\/uploads\/2026\/01\/02.10.2025_Schiefertrafel-Museum-150x150.jpeg 150w, https:\/\/agw-wetzikon.ch\/inhalt\/wp-content\/uploads\/2026\/01\/02.10.2025_Schiefertrafel-Museum-432x432.jpeg 432w, https:\/\/agw-wetzikon.ch\/inhalt\/wp-content\/uploads\/2026\/01\/02.10.2025_Schiefertrafel-Museum-268x268.jpeg 268w\" sizes=\"(max-width: 150px) 100vw, 150px\" \/><\/a>\n\t\t\t<\/div>\n\t\t\t\t<figcaption class='wp-caption-text gallery-caption' id='gallery-1-2447'>\n\t\t\t\tF\u00fchrung im Schiefertafel-Museum in Elm\n\t\t\t\t<\/figcaption><\/figure>\n\t\t<\/div>\n\n<h2>Mitgliederversammlung<\/h2>\n<h3>Samstag, 11. Oktober 2025<\/h3>\n<p>Nach der Mitgliederversammlung zeigt Dieter Hitz seinen neuen Kurzfilm &#8222;Leben in eisiger K\u00e4lte&#8220;, danach gibts heissen Kaffee und Kuchen.<\/p>\n<h2>Auf den Spuren von Johann Caspar Lavater<\/h2>\n<h3>Donnerstag, 13. November 2025<\/h3>\n<p>Wir besichtigen, die in eine Schenkung umgewandelten Lavater-Exponate in der Zentralbibliothek in Z\u00fcrich. Bei der Schenkung handelt es sich um ein K\u00e4stchen mit Miniaturb\u00fcchern die Johann Caspar Lavater seiner Tochter Anna zum 22 Geburtstag geschenkt hat. Dar\u00fcber hinaus sehen wir eine attraktive Auswahl thematisch zugeh\u00f6riger Archivalien aus dem reichen 18. Jahrhundert-Bestand der Zentralbibliothek vogezeigt und sachkundig erl\u00e4utert.<\/p>\n<p>Im zweiten Teil der F\u00fchrung wechseln wir im gleichen Hause ins Digitalisierungszentrum und lernen dabei diejenigen Arbeitsabl\u00e4ufe etwas genauer kennen, die f\u00fcr die Bereitstellung historischer Materialien auf der Plattform www.e-manuscripta.ch erforderlich sind. Es wurden uns die neusten Apparte vorgestellt, welche es erm\u00f6glichen, B\u00fccher zu digitalisieren, die nur bis 90 Grad aufklappbar sind. Was Lavater betrifft, ist diese Form der digitalen Bereitstellung auch die Voraussetzung f\u00fcr die Arbeit an der Lavater-Edition der Universit\u00e4t Z\u00fcrich.<\/p>\n<div id='gallery-2' class='gallery galleryid-2421 gallery-columns-4 gallery-size-thumbnail'><figure class='gallery-item'>\n\t\t\t<div class='gallery-icon portrait'>\n\t\t\t\t<a rel='attachment' href='https:\/\/agw-wetzikon.ch\/inhalt\/wp-content\/uploads\/2026\/01\/13.11.2025_Lavater_4.jpeg'><img decoding=\"async\" width=\"150\" height=\"150\" src=\"https:\/\/agw-wetzikon.ch\/inhalt\/wp-content\/uploads\/2026\/01\/13.11.2025_Lavater_4-150x150.jpeg\" class=\"attachment-thumbnail size-thumbnail\" alt=\"\" aria-describedby=\"gallery-2-2431\" srcset=\"https:\/\/agw-wetzikon.ch\/inhalt\/wp-content\/uploads\/2026\/01\/13.11.2025_Lavater_4-150x150.jpeg 150w, https:\/\/agw-wetzikon.ch\/inhalt\/wp-content\/uploads\/2026\/01\/13.11.2025_Lavater_4-432x432.jpeg 432w, https:\/\/agw-wetzikon.ch\/inhalt\/wp-content\/uploads\/2026\/01\/13.11.2025_Lavater_4-268x268.jpeg 268w\" sizes=\"(max-width: 150px) 100vw, 150px\" \/><\/a>\n\t\t\t<\/div>\n\t\t\t\t<figcaption class='wp-caption-text gallery-caption' id='gallery-2-2431'>\n\t\t\t\tSchenkung\n\t\t\t\t<\/figcaption><\/figure><figure class='gallery-item'>\n\t\t\t<div class='gallery-icon landscape'>\n\t\t\t\t<a rel='attachment' href='https:\/\/agw-wetzikon.ch\/inhalt\/wp-content\/uploads\/2026\/01\/13.11.2025_Lavater_3.jpeg'><img loading=\"lazy\" decoding=\"async\" width=\"150\" height=\"150\" src=\"https:\/\/agw-wetzikon.ch\/inhalt\/wp-content\/uploads\/2026\/01\/13.11.2025_Lavater_3-150x150.jpeg\" class=\"attachment-thumbnail size-thumbnail\" alt=\"\" aria-describedby=\"gallery-2-2430\" srcset=\"https:\/\/agw-wetzikon.ch\/inhalt\/wp-content\/uploads\/2026\/01\/13.11.2025_Lavater_3-150x150.jpeg 150w, https:\/\/agw-wetzikon.ch\/inhalt\/wp-content\/uploads\/2026\/01\/13.11.2025_Lavater_3-432x432.jpeg 432w, https:\/\/agw-wetzikon.ch\/inhalt\/wp-content\/uploads\/2026\/01\/13.11.2025_Lavater_3-268x268.jpeg 268w\" sizes=\"(max-width: 150px) 100vw, 150px\" \/><\/a>\n\t\t\t<\/div>\n\t\t\t\t<figcaption class='wp-caption-text gallery-caption' id='gallery-2-2430'>\n\t\t\t\tF\u00fchrung\n\t\t\t\t<\/figcaption><\/figure><figure class='gallery-item'>\n\t\t\t<div class='gallery-icon landscape'>\n\t\t\t\t<a rel='attachment' href='https:\/\/agw-wetzikon.ch\/inhalt\/wp-content\/uploads\/2026\/01\/13.11.2025_Lavater_2.jpeg'><img loading=\"lazy\" decoding=\"async\" width=\"150\" height=\"150\" src=\"https:\/\/agw-wetzikon.ch\/inhalt\/wp-content\/uploads\/2026\/01\/13.11.2025_Lavater_2-150x150.jpeg\" class=\"attachment-thumbnail size-thumbnail\" alt=\"\" aria-describedby=\"gallery-2-2429\" srcset=\"https:\/\/agw-wetzikon.ch\/inhalt\/wp-content\/uploads\/2026\/01\/13.11.2025_Lavater_2-150x150.jpeg 150w, https:\/\/agw-wetzikon.ch\/inhalt\/wp-content\/uploads\/2026\/01\/13.11.2025_Lavater_2-432x432.jpeg 432w, https:\/\/agw-wetzikon.ch\/inhalt\/wp-content\/uploads\/2026\/01\/13.11.2025_Lavater_2-268x268.jpeg 268w\" sizes=\"(max-width: 150px) 100vw, 150px\" \/><\/a>\n\t\t\t<\/div>\n\t\t\t\t<figcaption class='wp-caption-text gallery-caption' id='gallery-2-2429'>\n\t\t\t\tJohann Caspar Lavater (1741-1801)\n\t\t\t\t<\/figcaption><\/figure><figure class='gallery-item'>\n\t\t\t<div class='gallery-icon landscape'>\n\t\t\t\t<a rel='attachment' href='https:\/\/agw-wetzikon.ch\/inhalt\/wp-content\/uploads\/2026\/01\/13.11.2025_Lavater_1.jpeg'><img loading=\"lazy\" decoding=\"async\" width=\"150\" height=\"150\" src=\"https:\/\/agw-wetzikon.ch\/inhalt\/wp-content\/uploads\/2026\/01\/13.11.2025_Lavater_1-150x150.jpeg\" class=\"attachment-thumbnail size-thumbnail\" alt=\"\" aria-describedby=\"gallery-2-2428\" srcset=\"https:\/\/agw-wetzikon.ch\/inhalt\/wp-content\/uploads\/2026\/01\/13.11.2025_Lavater_1-150x150.jpeg 150w, https:\/\/agw-wetzikon.ch\/inhalt\/wp-content\/uploads\/2026\/01\/13.11.2025_Lavater_1-432x432.jpeg 432w, https:\/\/agw-wetzikon.ch\/inhalt\/wp-content\/uploads\/2026\/01\/13.11.2025_Lavater_1-268x268.jpeg 268w\" sizes=\"(max-width: 150px) 100vw, 150px\" \/><\/a>\n\t\t\t<\/div>\n\t\t\t\t<figcaption class='wp-caption-text gallery-caption' id='gallery-2-2428'>\n\t\t\t\tAbteilung Digitalisierung mit Vorstellung der neusten Ger\u00e4te\n\t\t\t\t<\/figcaption><\/figure>\n\t\t<\/div>\n\n<h2>Chlausfeier mit unsserem &#8222;Hausorchester&#8220; Trio Armonico<\/h2>\n<h3>Donnerstag, 11. Dezember 2025<\/h3>\n<p>Gem\u00fctliches Beisammensein mit &#8222;Chlausigem&#8220;, einem wundersch\u00f6nen Konzert und einer Weihnachtsgeschichte von Agatha Christie. Lecker war die Variation an Guetzli mit einem feinen Glas Wein.<\/p>\n<div id='gallery-3' class='gallery galleryid-2421 gallery-columns-3 gallery-size-thumbnail'><figure class='gallery-item'>\n\t\t\t<div class='gallery-icon landscape'>\n\t\t\t\t<a rel='attachment' href='https:\/\/agw-wetzikon.ch\/inhalt\/wp-content\/uploads\/2026\/01\/11.12.2025_Chlausfeier.jpeg'><img loading=\"lazy\" decoding=\"async\" width=\"150\" height=\"150\" src=\"https:\/\/agw-wetzikon.ch\/inhalt\/wp-content\/uploads\/2026\/01\/11.12.2025_Chlausfeier-150x150.jpeg\" class=\"attachment-thumbnail size-thumbnail\" alt=\"\" aria-describedby=\"gallery-3-2448\" srcset=\"https:\/\/agw-wetzikon.ch\/inhalt\/wp-content\/uploads\/2026\/01\/11.12.2025_Chlausfeier-150x150.jpeg 150w, https:\/\/agw-wetzikon.ch\/inhalt\/wp-content\/uploads\/2026\/01\/11.12.2025_Chlausfeier-432x432.jpeg 432w, https:\/\/agw-wetzikon.ch\/inhalt\/wp-content\/uploads\/2026\/01\/11.12.2025_Chlausfeier-268x268.jpeg 268w\" sizes=\"(max-width: 150px) 100vw, 150px\" \/><\/a>\n\t\t\t<\/div>\n\t\t\t\t<figcaption class='wp-caption-text gallery-caption' id='gallery-3-2448'>\n\t\t\t\t&#8222;Hausorchester&#8220;  Trio Armonico\n\t\t\t\t<\/figcaption><\/figure><figure class='gallery-item'>\n\t\t\t<div class='gallery-icon portrait'>\n\t\t\t\t<a rel='attachment' href='https:\/\/agw-wetzikon.ch\/inhalt\/wp-content\/uploads\/2026\/01\/11.12.2025_Chlausfeier-scaled-e1767428069338.jpg'><img loading=\"lazy\" decoding=\"async\" width=\"150\" height=\"150\" src=\"https:\/\/agw-wetzikon.ch\/inhalt\/wp-content\/uploads\/2026\/01\/11.12.2025_Chlausfeier-scaled-e1767428069338-150x150.jpg\" class=\"attachment-thumbnail size-thumbnail\" alt=\"\" aria-describedby=\"gallery-3-2442\" srcset=\"https:\/\/agw-wetzikon.ch\/inhalt\/wp-content\/uploads\/2026\/01\/11.12.2025_Chlausfeier-scaled-e1767428069338-150x150.jpg 150w, https:\/\/agw-wetzikon.ch\/inhalt\/wp-content\/uploads\/2026\/01\/11.12.2025_Chlausfeier-scaled-e1767428069338-432x432.jpg 432w, https:\/\/agw-wetzikon.ch\/inhalt\/wp-content\/uploads\/2026\/01\/11.12.2025_Chlausfeier-scaled-e1767428069338-268x268.jpg 268w\" sizes=\"(max-width: 150px) 100vw, 150px\" \/><\/a>\n\t\t\t<\/div>\n\t\t\t\t<figcaption class='wp-caption-text gallery-caption' id='gallery-3-2442'>\n\t\t\t\tWeihnachtsgeschichte mit Werner Reimann\n\t\t\t\t<\/figcaption><\/figure><figure class='gallery-item'>\n\t\t\t<div class='gallery-icon portrait'>\n\t\t\t\t<a rel='attachment' href='https:\/\/agw-wetzikon.ch\/inhalt\/wp-content\/uploads\/2026\/01\/11.12.2025_Chlausfeier_4-scaled-e1767428104989.jpg'><img loading=\"lazy\" decoding=\"async\" width=\"150\" height=\"150\" src=\"https:\/\/agw-wetzikon.ch\/inhalt\/wp-content\/uploads\/2026\/01\/11.12.2025_Chlausfeier_4-scaled-e1767428104989-150x150.jpg\" class=\"attachment-thumbnail size-thumbnail\" alt=\"\" aria-describedby=\"gallery-3-2435\" srcset=\"https:\/\/agw-wetzikon.ch\/inhalt\/wp-content\/uploads\/2026\/01\/11.12.2025_Chlausfeier_4-scaled-e1767428104989-150x150.jpg 150w, https:\/\/agw-wetzikon.ch\/inhalt\/wp-content\/uploads\/2026\/01\/11.12.2025_Chlausfeier_4-scaled-e1767428104989-432x432.jpg 432w, https:\/\/agw-wetzikon.ch\/inhalt\/wp-content\/uploads\/2026\/01\/11.12.2025_Chlausfeier_4-scaled-e1767428104989-268x268.jpg 268w\" sizes=\"(max-width: 150px) 100vw, 150px\" \/><\/a>\n\t\t\t<\/div>\n\t\t\t\t<figcaption class='wp-caption-text gallery-caption' id='gallery-3-2435'>\n\t\t\t\tChlausfeier\n\t\t\t\t<\/figcaption><\/figure><figure class='gallery-item'>\n\t\t\t<div class='gallery-icon portrait'>\n\t\t\t\t<a rel='attachment' href='https:\/\/agw-wetzikon.ch\/inhalt\/wp-content\/uploads\/2026\/01\/11.12.2025_Chlausfeier_3-scaled.jpg'><img loading=\"lazy\" decoding=\"async\" width=\"150\" height=\"150\" src=\"https:\/\/agw-wetzikon.ch\/inhalt\/wp-content\/uploads\/2026\/01\/11.12.2025_Chlausfeier_3-150x150.jpg\" class=\"attachment-thumbnail size-thumbnail\" alt=\"\" aria-describedby=\"gallery-3-2434\" srcset=\"https:\/\/agw-wetzikon.ch\/inhalt\/wp-content\/uploads\/2026\/01\/11.12.2025_Chlausfeier_3-150x150.jpg 150w, https:\/\/agw-wetzikon.ch\/inhalt\/wp-content\/uploads\/2026\/01\/11.12.2025_Chlausfeier_3-432x432.jpg 432w, https:\/\/agw-wetzikon.ch\/inhalt\/wp-content\/uploads\/2026\/01\/11.12.2025_Chlausfeier_3-268x268.jpg 268w\" sizes=\"(max-width: 150px) 100vw, 150px\" \/><\/a>\n\t\t\t<\/div>\n\t\t\t\t<figcaption class='wp-caption-text gallery-caption' id='gallery-3-2434'>\n\t\t\t\tChlausfeier Umtrunk\n\t\t\t\t<\/figcaption><\/figure><figure class='gallery-item'>\n\t\t\t<div class='gallery-icon portrait'>\n\t\t\t\t<a rel='attachment' href='https:\/\/agw-wetzikon.ch\/inhalt\/wp-content\/uploads\/2026\/01\/11.12.2025_Chlausfeier_2-scaled.jpg'><img loading=\"lazy\" decoding=\"async\" width=\"150\" height=\"150\" src=\"https:\/\/agw-wetzikon.ch\/inhalt\/wp-content\/uploads\/2026\/01\/11.12.2025_Chlausfeier_2-150x150.jpg\" class=\"attachment-thumbnail size-thumbnail\" alt=\"\" aria-describedby=\"gallery-3-2433\" srcset=\"https:\/\/agw-wetzikon.ch\/inhalt\/wp-content\/uploads\/2026\/01\/11.12.2025_Chlausfeier_2-150x150.jpg 150w, https:\/\/agw-wetzikon.ch\/inhalt\/wp-content\/uploads\/2026\/01\/11.12.2025_Chlausfeier_2-432x432.jpg 432w, https:\/\/agw-wetzikon.ch\/inhalt\/wp-content\/uploads\/2026\/01\/11.12.2025_Chlausfeier_2-268x268.jpg 268w\" sizes=\"(max-width: 150px) 100vw, 150px\" \/><\/a>\n\t\t\t<\/div>\n\t\t\t\t<figcaption class='wp-caption-text gallery-caption' id='gallery-3-2433'>\n\t\t\t\tChlausfeier Guetzli\n\t\t\t\t<\/figcaption><\/figure><figure class='gallery-item'>\n\t\t\t<div class='gallery-icon landscape'>\n\t\t\t\t<a rel='attachment' href='https:\/\/agw-wetzikon.ch\/inhalt\/wp-content\/uploads\/2026\/01\/11.12.2025_Chlausfeier_1-scaled.jpg'><img loading=\"lazy\" decoding=\"async\" width=\"150\" height=\"150\" src=\"https:\/\/agw-wetzikon.ch\/inhalt\/wp-content\/uploads\/2026\/01\/11.12.2025_Chlausfeier_1-150x150.jpg\" class=\"attachment-thumbnail size-thumbnail\" alt=\"\" aria-describedby=\"gallery-3-2432\" srcset=\"https:\/\/agw-wetzikon.ch\/inhalt\/wp-content\/uploads\/2026\/01\/11.12.2025_Chlausfeier_1-150x150.jpg 150w, https:\/\/agw-wetzikon.ch\/inhalt\/wp-content\/uploads\/2026\/01\/11.12.2025_Chlausfeier_1-432x432.jpg 432w, https:\/\/agw-wetzikon.ch\/inhalt\/wp-content\/uploads\/2026\/01\/11.12.2025_Chlausfeier_1-268x268.jpg 268w\" sizes=\"(max-width: 150px) 100vw, 150px\" \/><\/a>\n\t\t\t<\/div>\n\t\t\t\t<figcaption class='wp-caption-text gallery-caption' id='gallery-3-2432'>\n\t\t\t\tChlausfeier\n\t\t\t\t<\/figcaption><\/figure>\n\t\t<\/div>\n\n<h2>Neujahrsfeier<\/h2>\n<h3>Freitag, 09. Januar 2026<\/h3>\n<p>Bei einem feinen Nachtessen stossen wir im Saal des Restaurant iwaz aufs neue Jahr an. Zur musikalischen Umrahmung spielt unter der Leitung von Oscar Velasquez die MZO Big Band auf, also eine Formation von jungen Leuten aus unserer Region.<\/p>\n<div id='gallery-4' class='gallery galleryid-2421 gallery-columns-2 gallery-size-thumbnail'><figure class='gallery-item'>\n\t\t\t<div class='gallery-icon landscape'>\n\t\t\t\t<a rel='attachment' href='https:\/\/agw-wetzikon.ch\/inhalt\/wp-content\/uploads\/2026\/01\/09.01.2026_Jahresanfang_1-scaled.jpg'><img loading=\"lazy\" decoding=\"async\" width=\"150\" height=\"150\" src=\"https:\/\/agw-wetzikon.ch\/inhalt\/wp-content\/uploads\/2026\/01\/09.01.2026_Jahresanfang_1-150x150.jpg\" class=\"attachment-thumbnail size-thumbnail\" alt=\"\" aria-describedby=\"gallery-4-2451\" srcset=\"https:\/\/agw-wetzikon.ch\/inhalt\/wp-content\/uploads\/2026\/01\/09.01.2026_Jahresanfang_1-150x150.jpg 150w, https:\/\/agw-wetzikon.ch\/inhalt\/wp-content\/uploads\/2026\/01\/09.01.2026_Jahresanfang_1-432x432.jpg 432w, https:\/\/agw-wetzikon.ch\/inhalt\/wp-content\/uploads\/2026\/01\/09.01.2026_Jahresanfang_1-268x268.jpg 268w\" sizes=\"(max-width: 150px) 100vw, 150px\" \/><\/a>\n\t\t\t<\/div>\n\t\t\t\t<figcaption class='wp-caption-text gallery-caption' id='gallery-4-2451'>\n\t\t\t\tMZO Big Band \n\t\t\t\t<\/figcaption><\/figure><figure class='gallery-item'>\n\t\t\t<div class='gallery-icon landscape'>\n\t\t\t\t<a rel='attachment' href='https:\/\/agw-wetzikon.ch\/inhalt\/wp-content\/uploads\/2026\/01\/09.01.2026_Jahresanfang_2-scaled.jpg'><img loading=\"lazy\" decoding=\"async\" width=\"150\" height=\"150\" src=\"https:\/\/agw-wetzikon.ch\/inhalt\/wp-content\/uploads\/2026\/01\/09.01.2026_Jahresanfang_2-150x150.jpg\" class=\"attachment-thumbnail size-thumbnail\" alt=\"\" aria-describedby=\"gallery-4-2452\" srcset=\"https:\/\/agw-wetzikon.ch\/inhalt\/wp-content\/uploads\/2026\/01\/09.01.2026_Jahresanfang_2-150x150.jpg 150w, https:\/\/agw-wetzikon.ch\/inhalt\/wp-content\/uploads\/2026\/01\/09.01.2026_Jahresanfang_2-432x432.jpg 432w, https:\/\/agw-wetzikon.ch\/inhalt\/wp-content\/uploads\/2026\/01\/09.01.2026_Jahresanfang_2-268x268.jpg 268w\" sizes=\"(max-width: 150px) 100vw, 150px\" \/><\/a>\n\t\t\t<\/div>\n\t\t\t\t<figcaption class='wp-caption-text gallery-caption' id='gallery-4-2452'>\n\t\t\t\tMZO Big Band &#8211; &#8222;wundersch\u00f6ne musikalische Reise&#8220;\n\t\t\t\t<\/figcaption><\/figure>\n\t\t<\/div>\n\n<h2>Der Brunnensammler<\/h2>\n<h3>Donnerstag, 12. Februar 2026<\/h3>\n<p>Ren\u00e9 Hunziker pr\u00e4sentiert uns in Wort und Bild ausgew\u00e4hlte Brunnen von Wetzikon und gibt Einblick in seine Sammlung.<\/p>\n<div id='gallery-5' class='gallery galleryid-2421 gallery-columns-2 gallery-size-thumbnail'><figure class='gallery-item'>\n\t\t\t<div class='gallery-icon landscape'>\n\t\t\t\t<a rel='attachment' href='https:\/\/agw-wetzikon.ch\/inhalt\/wp-content\/uploads\/2026\/02\/12.02.2026_Der-Brunnensammler_2.jpeg'><img loading=\"lazy\" decoding=\"async\" width=\"150\" height=\"150\" src=\"https:\/\/agw-wetzikon.ch\/inhalt\/wp-content\/uploads\/2026\/02\/12.02.2026_Der-Brunnensammler_2-150x150.jpeg\" class=\"attachment-thumbnail size-thumbnail\" alt=\"\" aria-describedby=\"gallery-5-2458\" srcset=\"https:\/\/agw-wetzikon.ch\/inhalt\/wp-content\/uploads\/2026\/02\/12.02.2026_Der-Brunnensammler_2-150x150.jpeg 150w, https:\/\/agw-wetzikon.ch\/inhalt\/wp-content\/uploads\/2026\/02\/12.02.2026_Der-Brunnensammler_2-432x432.jpeg 432w, https:\/\/agw-wetzikon.ch\/inhalt\/wp-content\/uploads\/2026\/02\/12.02.2026_Der-Brunnensammler_2-268x268.jpeg 268w\" sizes=\"(max-width: 150px) 100vw, 150px\" \/><\/a>\n\t\t\t<\/div>\n\t\t\t\t<figcaption class='wp-caption-text gallery-caption' id='gallery-5-2458'>\n\t\t\t\tReferent Ren\u00e9 Hunziker\n\t\t\t\t<\/figcaption><\/figure><figure class='gallery-item'>\n\t\t\t<div class='gallery-icon portrait'>\n\t\t\t\t<a rel='attachment' href='https:\/\/agw-wetzikon.ch\/inhalt\/wp-content\/uploads\/2026\/02\/12.02.2026_Der-Brunnensammler_1.jpeg'><img loading=\"lazy\" decoding=\"async\" width=\"150\" height=\"150\" src=\"https:\/\/agw-wetzikon.ch\/inhalt\/wp-content\/uploads\/2026\/02\/12.02.2026_Der-Brunnensammler_1-150x150.jpeg\" class=\"attachment-thumbnail size-thumbnail\" alt=\"\" aria-describedby=\"gallery-5-2457\" srcset=\"https:\/\/agw-wetzikon.ch\/inhalt\/wp-content\/uploads\/2026\/02\/12.02.2026_Der-Brunnensammler_1-150x150.jpeg 150w, https:\/\/agw-wetzikon.ch\/inhalt\/wp-content\/uploads\/2026\/02\/12.02.2026_Der-Brunnensammler_1-432x432.jpeg 432w, https:\/\/agw-wetzikon.ch\/inhalt\/wp-content\/uploads\/2026\/02\/12.02.2026_Der-Brunnensammler_1-268x268.jpeg 268w\" sizes=\"(max-width: 150px) 100vw, 150px\" \/><\/a>\n\t\t\t<\/div>\n\t\t\t\t<figcaption class='wp-caption-text gallery-caption' id='gallery-5-2457'>\n\t\t\t\tReferenz Ren\u00e9 Hunziker\n\t\t\t\t<\/figcaption><\/figure>\n\t\t<\/div>\n\n<p>&nbsp;<\/p>\n","protected":false},"excerpt":{"rendered":"<p>Herbstaufsflug ins Schiefertafel-Mueseum Elm Donnerstag, 02. Oktober 2025 Wir erinnert sich nicht daran, in jungen Jahren in der Schule auf einer Schiefertafel die ersten ABC-Versuche hingekritzelt zu haben? Auf diesen Spuren begeben wir uns zur\u00fcck und besuchen die heute als Museum dienende ehemalige Schiefertafelgelfabrik in Elm GL. Nach einem halbst\u00fcndigen &#8230;<\/p>\n","protected":false},"author":1,"featured_media":0,"parent":0,"menu_order":0,"comment_status":"closed","ping_status":"closed","template":"template-full-width.php","meta":{"footnotes":""},"class_list":["post-2421","page","type-page","status-publish","hentry","column","twocol"],"_links":{"self":[{"href":"https:\/\/agw-wetzikon.ch\/inhalt\/wp-json\/wp\/v2\/pages\/2421","targetHints":{"allow":["GET"]}}],"collection":[{"href":"https:\/\/agw-wetzikon.ch\/inhalt\/wp-json\/wp\/v2\/pages"}],"about":[{"href":"https:\/\/agw-wetzikon.ch\/inhalt\/wp-json\/wp\/v2\/types\/page"}],"author":[{"embeddable":true,"href":"https:\/\/agw-wetzikon.ch\/inhalt\/wp-json\/wp\/v2\/users\/1"}],"replies":[{"embeddable":true,"href":"https:\/\/agw-wetzikon.ch\/inhalt\/wp-json\/wp\/v2\/comments?post=2421"}],"version-history":[{"count":15,"href":"https:\/\/agw-wetzikon.ch\/inhalt\/wp-json\/wp\/v2\/pages\/2421\/revisions"}],"predecessor-version":[{"id":2459,"href":"https:\/\/agw-wetzikon.ch\/inhalt\/wp-json\/wp\/v2\/pages\/2421\/revisions\/2459"}],"wp:attachment":[{"href":"https:\/\/agw-wetzikon.ch\/inhalt\/wp-json\/wp\/v2\/media?parent=2421"}],"curies":[{"name":"wp","href":"https:\/\/api.w.org\/{rel}","templated":true}]}}