{"id":2,"date":"2015-10-08T15:10:09","date_gmt":"2015-10-08T13:10:09","guid":{"rendered":"http:\/\/agw-wetzikon.ch\/inhalt\/?page_id=2"},"modified":"2025-09-01T17:09:14","modified_gmt":"2025-09-01T15:09:14","slug":"beispiel-seite","status":"publish","type":"page","link":"https:\/\/agw-wetzikon.ch\/inhalt\/","title":{"rendered":"\u00dcber uns"},"content":{"rendered":"<figure id=\"attachment_611\" aria-describedby=\"caption-attachment-611\" style=\"width: 300px\" class=\"wp-caption alignright\"><a href=\"http:\/\/agw-wetzikon.ch\/inhalt\/wp-content\/uploads\/2015\/10\/krone-web.jpg\"><img fetchpriority=\"high\" decoding=\"async\" class=\"wp-image-611 size-medium\" title=\"Foto der Bahnhofstrasse im Jahr 1890 in Wetzikon Z\u00fcrich\" src=\"http:\/\/agw-wetzikon.ch\/inhalt\/wp-content\/uploads\/2015\/10\/krone-web-300x209.jpg\" alt=\"Foto der Bahnhofstrasse in Wetzikon im Jahr 1890\" width=\"300\" height=\"209\" srcset=\"https:\/\/agw-wetzikon.ch\/inhalt\/wp-content\/uploads\/2015\/10\/krone-web-300x209.jpg 300w, https:\/\/agw-wetzikon.ch\/inhalt\/wp-content\/uploads\/2015\/10\/krone-web-1024x715.jpg 1024w, https:\/\/agw-wetzikon.ch\/inhalt\/wp-content\/uploads\/2015\/10\/krone-web-700x489.jpg 700w, https:\/\/agw-wetzikon.ch\/inhalt\/wp-content\/uploads\/2015\/10\/krone-web-332x232.jpg 332w, https:\/\/agw-wetzikon.ch\/inhalt\/wp-content\/uploads\/2015\/10\/krone-web.jpg 1892w\" sizes=\"(max-width: 300px) 100vw, 300px\" \/><\/a><figcaption id=\"caption-attachment-611\" class=\"wp-caption-text\">Bahnhofstrasse in Wetzikon um 1890<\/figcaption><\/figure>\r\n<p style=\"text-align: left;\">Der eigentliche Gr\u00fcndungsakt der Antiquarischen Gesellschaft Wetzikon fand am Mittwoch<br \/>2. November 1887 im Restaurant Krone statt. Die Genehmigung der Statuten erfolgte am<br \/>28. Dezember 1887. Die Antiquarische Gesellschaft der Gr\u00fcnderzeit war eine verschworene, r\u00fchrige Gemeinschaft von M\u00e4nnern gehobenen Standes, welche sich ihrer Vereinigung mit Begeisterung, Hingabe und einem bewundernswerten Einfallsreichtum widmeten.<\/p>\r\n<p>Heute ist der nicht gewinnorientierte Verein modern organisiert, konfessionell und politisch ungebunden. Der Zweck der Gesellschaft besteht darin, sich mit regional- und lokalhistorischen und mit kulturellen und gesellschaftlichen Themen auseinanderzusetzen mit Blick auf ein vertieftes Verst\u00e4ndnis der Gegenwart.<\/p>\r\n<p>Neben Vortr\u00e4gen und geselligen Anl\u00e4ssen pflegte die AGW seit ihrer Gr\u00fcndung noch ein drittes Standbein: Eine im Lauf der Zeit stark angewachsene Sammlung von Exponaten aus dem regionalen Raum. Diese Sammlung hat die AGW im Jahre 2010 dem Museumsverein Wetzikon \u00fcbergeben, der seither auf der Basis einer Leistungsvereinbarung mit der Stadt Wetzikon das <a href=\"http:\/\/www.museum-wetzikon.ch\" target=\"_blank\" rel=\"noopener noreferrer\">Museum Wetzikon<\/a> f\u00fchrt.<\/p>\r\n\r\n<ul style=\"list-style-type: circle;\">\r\n<li><a href=\"https:\/\/agw-wetzikon.ch\/inhalt\/wp-content\/uploads\/2022\/12\/AGW_Vereins-Statuten-Stand-30.10.2022.pdf\" target=\"_blank\" rel=\"noopener\">Vereins-Statuten<\/a><\/li>\r\n<li><a href=\"https:\/\/agw-wetzikon.ch\/inhalt\/wp-content\/uploads\/2025\/09\/AGW-Jahresbericht-2024-2025.pdf\" target=\"_blank\" rel=\"noopener\">AGW Jahresbericht 2024\/2025<\/a><\/li>\r\n<\/ul>\r\n\r\n\r\n\r\n\r\n","protected":false},"excerpt":{"rendered":"<p>Der eigentliche Gr\u00fcndungsakt der Antiquarischen Gesellschaft Wetzikon fand am Mittwoch2. November 1887 im Restaurant Krone statt. Die Genehmigung der Statuten erfolgte am28. Dezember 1887. Die Antiquarische Gesellschaft der Gr\u00fcnderzeit war eine verschworene, r\u00fchrige Gemeinschaft von M\u00e4nnern gehobenen Standes, welche sich ihrer Vereinigung mit Begeisterung, Hingabe und einem bewundernswerten Einfallsreichtum widmeten. &#8230;<\/p>\n","protected":false},"author":1,"featured_media":0,"parent":0,"menu_order":0,"comment_status":"closed","ping_status":"closed","template":"","meta":{"footnotes":""},"class_list":["post-2","page","type-page","status-publish","hentry","column","twocol"],"_links":{"self":[{"href":"https:\/\/agw-wetzikon.ch\/inhalt\/wp-json\/wp\/v2\/pages\/2","targetHints":{"allow":["GET"]}}],"collection":[{"href":"https:\/\/agw-wetzikon.ch\/inhalt\/wp-json\/wp\/v2\/pages"}],"about":[{"href":"https:\/\/agw-wetzikon.ch\/inhalt\/wp-json\/wp\/v2\/types\/page"}],"author":[{"embeddable":true,"href":"https:\/\/agw-wetzikon.ch\/inhalt\/wp-json\/wp\/v2\/users\/1"}],"replies":[{"embeddable":true,"href":"https:\/\/agw-wetzikon.ch\/inhalt\/wp-json\/wp\/v2\/comments?post=2"}],"version-history":[{"count":2,"href":"https:\/\/agw-wetzikon.ch\/inhalt\/wp-json\/wp\/v2\/pages\/2\/revisions"}],"predecessor-version":[{"id":2416,"href":"https:\/\/agw-wetzikon.ch\/inhalt\/wp-json\/wp\/v2\/pages\/2\/revisions\/2416"}],"wp:attachment":[{"href":"https:\/\/agw-wetzikon.ch\/inhalt\/wp-json\/wp\/v2\/media?parent=2"}],"curies":[{"name":"wp","href":"https:\/\/api.w.org\/{rel}","templated":true}]}}