{"id":19,"date":"2015-10-08T15:55:31","date_gmt":"2015-10-08T13:55:31","guid":{"rendered":"http:\/\/agw-wetzikon.ch\/inhalt\/?page_id=19"},"modified":"2019-02-03T07:33:03","modified_gmt":"2019-02-03T06:33:03","slug":"berichte-und-bilder-2016-2017","status":"publish","type":"page","link":"https:\/\/agw-wetzikon.ch\/inhalt\/berichte-und-bilder-2016-2017\/","title":{"rendered":"Berichte und Bilder 2017-2018"},"content":{"rendered":"<p><strong>Herbstausflug Samstag, 7. Oktober 2017<\/strong><br \/>\nHerbstausflug<br \/>\nKlosterf\u00fchrung Einsiedeln<br \/>\n<a href=\"http:\/\/agw-wetzikon.ch\/inhalt\/wp-content\/uploads\/2017\/11\/Einsiedeln-07.10.17.pdf\" target=\"_blank\" rel=\"noopener\">Bericht von Irene Kupper<\/a><\/p>\n<p><strong>Samstag, 4. November 2017<\/strong><br \/>\nF\u00fchrung im Heimatmuseum Pf\u00e4ffikon<br \/>\nmit anschliessender Mitgliederversammlung<br \/>\n<a href=\"http:\/\/agw-wetzikon.ch\/inhalt\/wp-content\/uploads\/2018\/08\/2017.04.11_Museum-Pfaeffikon.pdf\" target=\"_blank\" rel=\"noopener\">Bericht von Irene Kupper<\/a><\/p>\n<div id='gallery-1' class='gallery galleryid-19 gallery-columns-3 gallery-size-thumbnail'><figure class='gallery-item'>\n\t\t\t<div class='gallery-icon landscape'>\n\t\t\t\t<a rel='attachment' href='https:\/\/agw-wetzikon.ch\/inhalt\/wp-content\/uploads\/2019\/02\/Heimatmueseum-Pfaeffikon_04.11.17_1.jpeg'><img decoding=\"async\" width=\"150\" height=\"150\" src=\"https:\/\/agw-wetzikon.ch\/inhalt\/wp-content\/uploads\/2019\/02\/Heimatmueseum-Pfaeffikon_04.11.17_1-150x150.jpeg\" class=\"attachment-thumbnail size-thumbnail\" alt=\"\" srcset=\"https:\/\/agw-wetzikon.ch\/inhalt\/wp-content\/uploads\/2019\/02\/Heimatmueseum-Pfaeffikon_04.11.17_1-150x150.jpeg 150w, https:\/\/agw-wetzikon.ch\/inhalt\/wp-content\/uploads\/2019\/02\/Heimatmueseum-Pfaeffikon_04.11.17_1-268x268.jpeg 268w\" sizes=\"(max-width: 150px) 100vw, 150px\" \/><\/a>\n\t\t\t<\/div><\/figure><figure class='gallery-item'>\n\t\t\t<div class='gallery-icon landscape'>\n\t\t\t\t<a rel='attachment' href='https:\/\/agw-wetzikon.ch\/inhalt\/wp-content\/uploads\/2019\/02\/Heimatmueseum-Pfaeffikon_04.11.17_2.jpeg'><img decoding=\"async\" width=\"150\" height=\"150\" src=\"https:\/\/agw-wetzikon.ch\/inhalt\/wp-content\/uploads\/2019\/02\/Heimatmueseum-Pfaeffikon_04.11.17_2-150x150.jpeg\" class=\"attachment-thumbnail size-thumbnail\" alt=\"\" srcset=\"https:\/\/agw-wetzikon.ch\/inhalt\/wp-content\/uploads\/2019\/02\/Heimatmueseum-Pfaeffikon_04.11.17_2-150x150.jpeg 150w, https:\/\/agw-wetzikon.ch\/inhalt\/wp-content\/uploads\/2019\/02\/Heimatmueseum-Pfaeffikon_04.11.17_2-432x432.jpeg 432w, https:\/\/agw-wetzikon.ch\/inhalt\/wp-content\/uploads\/2019\/02\/Heimatmueseum-Pfaeffikon_04.11.17_2-268x268.jpeg 268w\" sizes=\"(max-width: 150px) 100vw, 150px\" \/><\/a>\n\t\t\t<\/div><\/figure><figure class='gallery-item'>\n\t\t\t<div class='gallery-icon landscape'>\n\t\t\t\t<a rel='attachment' href='https:\/\/agw-wetzikon.ch\/inhalt\/wp-content\/uploads\/2019\/02\/Heimatmueseum-Pfaeffikon_04.11.17_4.jpeg'><img decoding=\"async\" width=\"150\" height=\"150\" src=\"https:\/\/agw-wetzikon.ch\/inhalt\/wp-content\/uploads\/2019\/02\/Heimatmueseum-Pfaeffikon_04.11.17_4-150x150.jpeg\" class=\"attachment-thumbnail size-thumbnail\" alt=\"\" srcset=\"https:\/\/agw-wetzikon.ch\/inhalt\/wp-content\/uploads\/2019\/02\/Heimatmueseum-Pfaeffikon_04.11.17_4-150x150.jpeg 150w, https:\/\/agw-wetzikon.ch\/inhalt\/wp-content\/uploads\/2019\/02\/Heimatmueseum-Pfaeffikon_04.11.17_4-432x432.jpeg 432w, https:\/\/agw-wetzikon.ch\/inhalt\/wp-content\/uploads\/2019\/02\/Heimatmueseum-Pfaeffikon_04.11.17_4-268x268.jpeg 268w\" sizes=\"(max-width: 150px) 100vw, 150px\" \/><\/a>\n\t\t\t<\/div><\/figure><figure class='gallery-item'>\n\t\t\t<div class='gallery-icon landscape'>\n\t\t\t\t<a rel='attachment' href='https:\/\/agw-wetzikon.ch\/inhalt\/wp-content\/uploads\/2019\/02\/Heimatmueseum-Pfaeffikon_04.11.17_3.jpeg'><img loading=\"lazy\" decoding=\"async\" width=\"150\" height=\"150\" src=\"https:\/\/agw-wetzikon.ch\/inhalt\/wp-content\/uploads\/2019\/02\/Heimatmueseum-Pfaeffikon_04.11.17_3-150x150.jpeg\" class=\"attachment-thumbnail size-thumbnail\" alt=\"\" \/><\/a>\n\t\t\t<\/div><\/figure><figure class='gallery-item'>\n\t\t\t<div class='gallery-icon landscape'>\n\t\t\t\t<a rel='attachment' href='https:\/\/agw-wetzikon.ch\/inhalt\/wp-content\/uploads\/2019\/02\/Heimatmueseum-Pfaeffikon_04.11.17_5.jpeg'><img loading=\"lazy\" decoding=\"async\" width=\"150\" height=\"150\" src=\"https:\/\/agw-wetzikon.ch\/inhalt\/wp-content\/uploads\/2019\/02\/Heimatmueseum-Pfaeffikon_04.11.17_5-150x150.jpeg\" class=\"attachment-thumbnail size-thumbnail\" alt=\"\" srcset=\"https:\/\/agw-wetzikon.ch\/inhalt\/wp-content\/uploads\/2019\/02\/Heimatmueseum-Pfaeffikon_04.11.17_5-150x150.jpeg 150w, https:\/\/agw-wetzikon.ch\/inhalt\/wp-content\/uploads\/2019\/02\/Heimatmueseum-Pfaeffikon_04.11.17_5-268x268.jpeg 268w\" sizes=\"(max-width: 150px) 100vw, 150px\" \/><\/a>\n\t\t\t<\/div><\/figure><figure class='gallery-item'>\n\t\t\t<div class='gallery-icon landscape'>\n\t\t\t\t<a rel='attachment' href='https:\/\/agw-wetzikon.ch\/inhalt\/wp-content\/uploads\/2019\/02\/Heimatmueseum-Pfaeffikon_04.11.17_7.jpeg'><img loading=\"lazy\" decoding=\"async\" width=\"150\" height=\"150\" src=\"https:\/\/agw-wetzikon.ch\/inhalt\/wp-content\/uploads\/2019\/02\/Heimatmueseum-Pfaeffikon_04.11.17_7-150x150.jpeg\" class=\"attachment-thumbnail size-thumbnail\" alt=\"\" aria-describedby=\"gallery-1-1595\" \/><\/a>\n\t\t\t<\/div>\n\t\t\t\t<figcaption class='wp-caption-text gallery-caption' id='gallery-1-1595'>\n\t\t\t\tsch\u00f6nes lajsedf\n\t\t\t\t<\/figcaption><\/figure><figure class='gallery-item'>\n\t\t\t<div class='gallery-icon portrait'>\n\t\t\t\t<a rel='attachment' href='https:\/\/agw-wetzikon.ch\/inhalt\/wp-content\/uploads\/2019\/02\/Heimatmueseum-Pfaeffikon_04.11.17_11.jpeg'><img loading=\"lazy\" decoding=\"async\" width=\"150\" height=\"150\" src=\"https:\/\/agw-wetzikon.ch\/inhalt\/wp-content\/uploads\/2019\/02\/Heimatmueseum-Pfaeffikon_04.11.17_11-150x150.jpeg\" class=\"attachment-thumbnail size-thumbnail\" alt=\"\" srcset=\"https:\/\/agw-wetzikon.ch\/inhalt\/wp-content\/uploads\/2019\/02\/Heimatmueseum-Pfaeffikon_04.11.17_11-150x150.jpeg 150w, https:\/\/agw-wetzikon.ch\/inhalt\/wp-content\/uploads\/2019\/02\/Heimatmueseum-Pfaeffikon_04.11.17_11-432x432.jpeg 432w, https:\/\/agw-wetzikon.ch\/inhalt\/wp-content\/uploads\/2019\/02\/Heimatmueseum-Pfaeffikon_04.11.17_11-268x268.jpeg 268w\" sizes=\"(max-width: 150px) 100vw, 150px\" \/><\/a>\n\t\t\t<\/div><\/figure><figure class='gallery-item'>\n\t\t\t<div class='gallery-icon portrait'>\n\t\t\t\t<a rel='attachment' href='https:\/\/agw-wetzikon.ch\/inhalt\/wp-content\/uploads\/2019\/02\/Heimatmueseum-Pfaeffikon_04.11.17_10.jpeg'><img loading=\"lazy\" decoding=\"async\" width=\"150\" height=\"150\" src=\"https:\/\/agw-wetzikon.ch\/inhalt\/wp-content\/uploads\/2019\/02\/Heimatmueseum-Pfaeffikon_04.11.17_10-150x150.jpeg\" class=\"attachment-thumbnail size-thumbnail\" alt=\"\" srcset=\"https:\/\/agw-wetzikon.ch\/inhalt\/wp-content\/uploads\/2019\/02\/Heimatmueseum-Pfaeffikon_04.11.17_10-150x150.jpeg 150w, https:\/\/agw-wetzikon.ch\/inhalt\/wp-content\/uploads\/2019\/02\/Heimatmueseum-Pfaeffikon_04.11.17_10-432x432.jpeg 432w, https:\/\/agw-wetzikon.ch\/inhalt\/wp-content\/uploads\/2019\/02\/Heimatmueseum-Pfaeffikon_04.11.17_10-268x268.jpeg 268w\" sizes=\"(max-width: 150px) 100vw, 150px\" \/><\/a>\n\t\t\t<\/div><\/figure><figure class='gallery-item'>\n\t\t\t<div class='gallery-icon landscape'>\n\t\t\t\t<a rel='attachment' href='https:\/\/agw-wetzikon.ch\/inhalt\/wp-content\/uploads\/2019\/02\/Heimatmueseum-Pfaeffikon_04.11.17_9.jpeg'><img loading=\"lazy\" decoding=\"async\" width=\"150\" height=\"150\" src=\"https:\/\/agw-wetzikon.ch\/inhalt\/wp-content\/uploads\/2019\/02\/Heimatmueseum-Pfaeffikon_04.11.17_9-150x150.jpeg\" class=\"attachment-thumbnail size-thumbnail\" alt=\"\" srcset=\"https:\/\/agw-wetzikon.ch\/inhalt\/wp-content\/uploads\/2019\/02\/Heimatmueseum-Pfaeffikon_04.11.17_9-150x150.jpeg 150w, https:\/\/agw-wetzikon.ch\/inhalt\/wp-content\/uploads\/2019\/02\/Heimatmueseum-Pfaeffikon_04.11.17_9-432x432.jpeg 432w, https:\/\/agw-wetzikon.ch\/inhalt\/wp-content\/uploads\/2019\/02\/Heimatmueseum-Pfaeffikon_04.11.17_9-268x268.jpeg 268w\" sizes=\"(max-width: 150px) 100vw, 150px\" \/><\/a>\n\t\t\t<\/div><\/figure><figure class='gallery-item'>\n\t\t\t<div class='gallery-icon landscape'>\n\t\t\t\t<a rel='attachment' href='https:\/\/agw-wetzikon.ch\/inhalt\/wp-content\/uploads\/2019\/02\/Heimatmueseum-Pfaeffikon_04.11.17_6.jpeg'><img loading=\"lazy\" decoding=\"async\" width=\"150\" height=\"150\" src=\"https:\/\/agw-wetzikon.ch\/inhalt\/wp-content\/uploads\/2019\/02\/Heimatmueseum-Pfaeffikon_04.11.17_6-150x150.jpeg\" class=\"attachment-thumbnail size-thumbnail\" alt=\"\" srcset=\"https:\/\/agw-wetzikon.ch\/inhalt\/wp-content\/uploads\/2019\/02\/Heimatmueseum-Pfaeffikon_04.11.17_6-150x150.jpeg 150w, https:\/\/agw-wetzikon.ch\/inhalt\/wp-content\/uploads\/2019\/02\/Heimatmueseum-Pfaeffikon_04.11.17_6-432x432.jpeg 432w, https:\/\/agw-wetzikon.ch\/inhalt\/wp-content\/uploads\/2019\/02\/Heimatmueseum-Pfaeffikon_04.11.17_6-268x268.jpeg 268w\" sizes=\"(max-width: 150px) 100vw, 150px\" \/><\/a>\n\t\t\t<\/div><\/figure><figure class='gallery-item'>\n\t\t\t<div class='gallery-icon landscape'>\n\t\t\t\t<a rel='attachment' href='https:\/\/agw-wetzikon.ch\/inhalt\/wp-content\/uploads\/2019\/02\/Heimatmueseum-Pfaeffikon_04.11.17_8.jpeg'><img loading=\"lazy\" decoding=\"async\" width=\"150\" height=\"150\" src=\"https:\/\/agw-wetzikon.ch\/inhalt\/wp-content\/uploads\/2019\/02\/Heimatmueseum-Pfaeffikon_04.11.17_8-150x150.jpeg\" class=\"attachment-thumbnail size-thumbnail\" alt=\"\" srcset=\"https:\/\/agw-wetzikon.ch\/inhalt\/wp-content\/uploads\/2019\/02\/Heimatmueseum-Pfaeffikon_04.11.17_8-150x150.jpeg 150w, https:\/\/agw-wetzikon.ch\/inhalt\/wp-content\/uploads\/2019\/02\/Heimatmueseum-Pfaeffikon_04.11.17_8-432x432.jpeg 432w, https:\/\/agw-wetzikon.ch\/inhalt\/wp-content\/uploads\/2019\/02\/Heimatmueseum-Pfaeffikon_04.11.17_8-268x268.jpeg 268w\" sizes=\"(max-width: 150px) 100vw, 150px\" \/><\/a>\n\t\t\t<\/div><\/figure>\n\t\t<\/div>\n\n<p><strong>Donnerstag, 7. Dezember 2017<\/strong><br \/>\nAdvent im Museum<br \/>\nmit Museumsleiterin Gabriela Fl\u00fceler<br \/>\nmusikalisch umrahmt von unserem<br \/>\nHausorchester mit Willi Braunschweiler, Beat Kl\u00f6tzli<br \/>\nFritz Gloor.<br \/>\n<a href=\"http:\/\/agw-wetzikon.ch\/inhalt\/wp-content\/uploads\/2018\/06\/Advent_17.12.07.pdf\" target=\"_blank\" rel=\"noopener\">Bericht von Werner Reinmann<\/a><\/p>\n<p><strong>Freitag, 26. Januar 2018<\/strong><br \/>\nGesellschaftsabend im IWAZ<br \/>\nEin festliches Abendessen mit musikalischer Umrahmung von Music-Pfister<br \/>\nSchwyzer\u00f6rgeli und Hackbrett-Ensemble.<br \/>\n<a href=\"http:\/\/agw-wetzikon.ch\/inhalt\/wp-content\/uploads\/2018\/06\/Gesellschaftsanlass-2018.01.26.pdf\" target=\"_blank\" rel=\"noopener\">Bericht von Werner Reinmann<\/a><\/p>\n<p><strong>Donnerstag, 8. Februar 2018<\/strong><br \/>\n&#8222;Im Reich der Pinguine Reisenotizen Antarktis&#8220;<br \/>\nFilm von Dieter Hitz<br \/>\n<a href=\"http:\/\/agw-wetzikon.ch\/inhalt\/wp-content\/uploads\/2018\/06\/Pinguine-2018.02.08.pdf\" target=\"_blank\" rel=\"noopener\">Bericht von Werner Reinmann<\/a><\/p>\n<p><strong>Donnerstag, 22. M\u00e4rz 2018<\/strong><br \/>\n&#8222;Der Flughafenstandort Z\u00fcrich in der Schweizer<br \/>\nLuftfahrtpolitik, 1910-1990&#8220;<br \/>\nVortrag von Sandro Fehr.<br \/>\n<a href=\"http:\/\/agw-wetzikon.ch\/inhalt\/wp-content\/uploads\/2018\/06\/2018.03.22_Flughafen.pdf\" target=\"_blank\" rel=\"noopener\">Bericht von Irene Kupper<\/a><\/p>\n<p><strong>Donnerstag, 19. April 2018<\/strong><br \/>\n&#8222;Mittelalterliche K\u00f6niginnen auf Italienreise&#8220;<br \/>\nVortrag von Claudia Zey, Professorin f\u00fcr Geschichte an der Universit\u00e4t Z\u00fcrich<br \/>\n<a href=\"http:\/\/agw-wetzikon.ch\/inhalt\/wp-content\/uploads\/2018\/08\/2018.04.19_mittelalterliche-Koeniginnen-auf-Reisen.pdf\" target=\"_blank\" rel=\"noopener\">Bericht von Irene Kupper<\/a><\/p>\n<p><strong>Samstag, 05. Mai 2018<\/strong><br \/>\nFr\u00fchjahrsausflug ins sch\u00f6ne Laufenburg AG<br \/>\n<a href=\"http:\/\/agw-wetzikon.ch\/inhalt\/wp-content\/uploads\/2018\/08\/18-04-28-Laufenburg-Ausflug.pdf\" target=\"_blank\" rel=\"noopener\">Bericht von Irene Kupper<\/a><\/p>\n","protected":false},"excerpt":{"rendered":"<p>Herbstausflug Samstag, 7. Oktober 2017 Herbstausflug Klosterf\u00fchrung Einsiedeln Bericht von Irene Kupper Samstag, 4. November 2017 F\u00fchrung im Heimatmuseum Pf\u00e4ffikon mit anschliessender Mitgliederversammlung Bericht von Irene Kupper Donnerstag, 7. Dezember 2017 Advent im Museum mit Museumsleiterin Gabriela Fl\u00fceler musikalisch umrahmt von unserem Hausorchester mit Willi Braunschweiler, Beat Kl\u00f6tzli Fritz Gloor. &#8230;<\/p>\n","protected":false},"author":1,"featured_media":0,"parent":0,"menu_order":0,"comment_status":"closed","ping_status":"closed","template":"","meta":{"footnotes":""},"class_list":["post-19","page","type-page","status-publish","hentry","column","twocol"],"_links":{"self":[{"href":"https:\/\/agw-wetzikon.ch\/inhalt\/wp-json\/wp\/v2\/pages\/19","targetHints":{"allow":["GET"]}}],"collection":[{"href":"https:\/\/agw-wetzikon.ch\/inhalt\/wp-json\/wp\/v2\/pages"}],"about":[{"href":"https:\/\/agw-wetzikon.ch\/inhalt\/wp-json\/wp\/v2\/types\/page"}],"author":[{"embeddable":true,"href":"https:\/\/agw-wetzikon.ch\/inhalt\/wp-json\/wp\/v2\/users\/1"}],"replies":[{"embeddable":true,"href":"https:\/\/agw-wetzikon.ch\/inhalt\/wp-json\/wp\/v2\/comments?post=19"}],"version-history":[{"count":0,"href":"https:\/\/agw-wetzikon.ch\/inhalt\/wp-json\/wp\/v2\/pages\/19\/revisions"}],"wp:attachment":[{"href":"https:\/\/agw-wetzikon.ch\/inhalt\/wp-json\/wp\/v2\/media?parent=19"}],"curies":[{"name":"wp","href":"https:\/\/api.w.org\/{rel}","templated":true}]}}