{"id":1888,"date":"2021-10-08T11:58:39","date_gmt":"2021-10-08T09:58:39","guid":{"rendered":"https:\/\/agw-wetzikon.ch\/inhalt\/?page_id=1888"},"modified":"2024-08-05T10:56:25","modified_gmt":"2024-08-05T08:56:25","slug":"berichte-und-bilder-2021-22","status":"publish","type":"page","link":"https:\/\/agw-wetzikon.ch\/inhalt\/berichte-und-bilder-2021-22\/","title":{"rendered":"Berichte und Bilder 2021-2022"},"content":{"rendered":"\t\t<div data-elementor-type=\"wp-page\" data-elementor-id=\"1888\" class=\"elementor elementor-1888\">\n\t\t\t\t<div class=\"elementor-element elementor-element-1702cb8 e-flex e-con-boxed e-con e-parent\" data-id=\"1702cb8\" data-element_type=\"container\" data-e-type=\"container\">\n\t\t\t\t\t<div class=\"e-con-inner\">\n\t\t\t\t<div class=\"elementor-element elementor-element-dc5ebb5 elementor-widget elementor-widget-heading\" data-id=\"dc5ebb5\" data-element_type=\"widget\" data-e-type=\"widget\" data-widget_type=\"heading.default\">\n\t\t\t\t<div class=\"elementor-widget-container\">\n\t\t\t\t\t<h2 class=\"elementor-heading-title elementor-size-default\">Donnerstag, 07. April 2022<\/h2>\t\t\t\t<\/div>\n\t\t\t\t<\/div>\n\t\t\t\t<div class=\"elementor-element elementor-element-78d1a10 elementor-widget elementor-widget-heading\" data-id=\"78d1a10\" data-element_type=\"widget\" data-e-type=\"widget\" data-widget_type=\"heading.default\">\n\t\t\t\t<div class=\"elementor-widget-container\">\n\t\t\t\t\t<h2 class=\"elementor-heading-title elementor-size-default\">Auf den Spuren von Jakob Stutz (1801-1877)<\/h2>\t\t\t\t<\/div>\n\t\t\t\t<\/div>\n\t\t\t\t<div class=\"elementor-element elementor-element-6b97e57 elementor-widget elementor-widget-text-editor\" data-id=\"6b97e57\" data-element_type=\"widget\" data-e-type=\"widget\" data-widget_type=\"text-editor.default\">\n\t\t\t\t<div class=\"elementor-widget-container\">\n\t\t\t\t\t\t\t\t\t<p>Zum Schluss unserer Vortragsreihe kam Dieter Hitz hinzu, der seinen neuesten Film unterdessen abgeschlossen hatte. Er geht auf die Spuren des Z\u00fcrcher Oberl\u00e4nder Voksdichters Jakob Stutz. Es gelang unserem fr\u00fcheren Pr\u00e4sidenten bestens, die Lebengsgeschichte \u00a0dieser schillerden Pers\u00f6nlichkeit darzustellen und mit passendem Bildmaterial zu illustrieren.<\/p>\t\t\t\t\t\t\t\t<\/div>\n\t\t\t\t<\/div>\n\t\t\t\t\t<\/div>\n\t\t\t\t<\/div>\n\t\t<div class=\"elementor-element elementor-element-3e0c6ad e-flex e-con-boxed e-con e-parent\" data-id=\"3e0c6ad\" data-element_type=\"container\" data-e-type=\"container\">\n\t\t\t\t\t<div class=\"e-con-inner\">\n\t\t\t\t<div class=\"elementor-element elementor-element-4593db9 elementor-widget elementor-widget-heading\" data-id=\"4593db9\" data-element_type=\"widget\" data-e-type=\"widget\" data-widget_type=\"heading.default\">\n\t\t\t\t<div class=\"elementor-widget-container\">\n\t\t\t\t\t<h2 class=\"elementor-heading-title elementor-size-default\">Donnerstag, 17. M\u00e4rz 2022<\/h2>\t\t\t\t<\/div>\n\t\t\t\t<\/div>\n\t\t\t\t<div class=\"elementor-element elementor-element-d4c7099 elementor-widget elementor-widget-heading\" data-id=\"d4c7099\" data-element_type=\"widget\" data-e-type=\"widget\" data-widget_type=\"heading.default\">\n\t\t\t\t<div class=\"elementor-widget-container\">\n\t\t\t\t\t<h2 class=\"elementor-heading-title elementor-size-default\">Schloss Wetzikon und Ritterhaus Bubikon<\/h2>\t\t\t\t<\/div>\n\t\t\t\t<\/div>\n\t\t\t\t<div class=\"elementor-element elementor-element-c1b750b elementor-widget elementor-widget-text-editor\" data-id=\"c1b750b\" data-element_type=\"widget\" data-e-type=\"widget\" data-widget_type=\"text-editor.default\">\n\t\t\t\t<div class=\"elementor-widget-container\">\n\t\t\t\t\t\t\t\t\t<p>Beat Meier suchte nach Parallelen zwischen dem Schloss Wetzikon und dem Ritterhaus Bubikon. Auch in diesem Fall durften wird einen hochkompetenten Referenten begr\u00fcssen, denn Beat Meier wohnt bekanntlich seit L\u00e4ngerem im Schloss. Und wie sich dann w\u00e4hrend des Vortrags herausstellte, war der Architekt auch an der k\u00fcrzlichen Renovation des Ritterhauses beteiligt.<\/p>\t\t\t\t\t\t\t\t<\/div>\n\t\t\t\t<\/div>\n\t\t\t\t\t<\/div>\n\t\t\t\t<\/div>\n\t\t<div class=\"elementor-element elementor-element-503bae5 e-flex e-con-boxed e-con e-parent\" data-id=\"503bae5\" data-element_type=\"container\" data-e-type=\"container\">\n\t\t\t\t\t<div class=\"e-con-inner\">\n\t\t\t\t<div class=\"elementor-element elementor-element-215f66d elementor-widget elementor-widget-heading\" data-id=\"215f66d\" data-element_type=\"widget\" data-e-type=\"widget\" data-widget_type=\"heading.default\">\n\t\t\t\t<div class=\"elementor-widget-container\">\n\t\t\t\t\t<h2 class=\"elementor-heading-title elementor-size-default\">Donnerstag, 17. Februar 2022<\/h2>\t\t\t\t<\/div>\n\t\t\t\t<\/div>\n\t\t\t\t<div class=\"elementor-element elementor-element-7fa252b elementor-widget elementor-widget-heading\" data-id=\"7fa252b\" data-element_type=\"widget\" data-e-type=\"widget\" data-widget_type=\"heading.default\">\n\t\t\t\t<div class=\"elementor-widget-container\">\n\t\t\t\t\t<h2 class=\"elementor-heading-title elementor-size-default\">Als die Welt noch schwarz-weiss war<\/h2>\t\t\t\t<\/div>\n\t\t\t\t<\/div>\n\t\t\t\t<div class=\"elementor-element elementor-element-a93f4ce elementor-widget elementor-widget-text-editor\" data-id=\"a93f4ce\" data-element_type=\"widget\" data-e-type=\"widget\" data-widget_type=\"text-editor.default\">\n\t\t\t\t<div class=\"elementor-widget-container\">\n\t\t\t\t\t\t\t\t\t<p>Dank Hansueli Meili warfen wir einen Blick zur\u00fcck auf die Zeit, &#8220; Als die Welt noch schwarz-weiss war&#8220;. Der passionierte Hobby-Fotograf fasste f\u00fcr uns die Fr\u00fchzeit der Fotografie mit passenden Bildern zusammen. Wer ihn kennt, weiss, dass dabei gelegentlich auch geschmunzelt werden konnte.<\/p>\t\t\t\t\t\t\t\t<\/div>\n\t\t\t\t<\/div>\n\t\t\t\t<div class=\"elementor-element elementor-element-8fbc886 elementor-widget elementor-widget-image-gallery\" data-id=\"8fbc886\" data-element_type=\"widget\" data-e-type=\"widget\" data-widget_type=\"image-gallery.default\">\n\t\t\t\t<div class=\"elementor-widget-container\">\n\t\t\t\t\t\t\t<div class=\"elementor-image-gallery\">\n\t\t\t<div id='gallery-1' class='gallery galleryid-1888 gallery-columns-1 gallery-size-thumbnail'><figure class='gallery-item'>\n\t\t\t<div class='gallery-icon landscape'>\n\t\t\t\t<a data-elementor-open-lightbox=\"yes\" data-elementor-lightbox-slideshow=\"8fbc886\" data-elementor-lightbox-title=\"Vortrag-Als die Welt noch schwarz-weiss war\" data-e-action-hash=\"#elementor-action%3Aaction%3Dlightbox%26settings%3DeyJpZCI6MjE4MSwidXJsIjoiaHR0cHM6XC9cL2Fndy13ZXR6aWtvbi5jaFwvaW5oYWx0XC93cC1jb250ZW50XC91cGxvYWRzXC8yMDI0XC8wOFwvMTguMDIuMjFfVm9ydHJhZ19BbHMtZGllLVdlbHQtbm9jaC1zY2h3YXJ6LXdlaXNzLXdhcl8yLmpwZWciLCJzbGlkZXNob3ciOiI4ZmJjODg2In0%3D\" rel='attachment' href='https:\/\/agw-wetzikon.ch\/inhalt\/wp-content\/uploads\/2024\/08\/18.02.21_Vortrag_Als-die-Welt-noch-schwarz-weiss-war_2.jpeg'><img decoding=\"async\" width=\"150\" height=\"150\" src=\"https:\/\/agw-wetzikon.ch\/inhalt\/wp-content\/uploads\/2024\/08\/18.02.21_Vortrag_Als-die-Welt-noch-schwarz-weiss-war_2-150x150.jpeg\" class=\"attachment-thumbnail size-thumbnail\" alt=\"\" aria-describedby=\"gallery-1-2181\" srcset=\"https:\/\/agw-wetzikon.ch\/inhalt\/wp-content\/uploads\/2024\/08\/18.02.21_Vortrag_Als-die-Welt-noch-schwarz-weiss-war_2-150x150.jpeg 150w, https:\/\/agw-wetzikon.ch\/inhalt\/wp-content\/uploads\/2024\/08\/18.02.21_Vortrag_Als-die-Welt-noch-schwarz-weiss-war_2-432x432.jpeg 432w, https:\/\/agw-wetzikon.ch\/inhalt\/wp-content\/uploads\/2024\/08\/18.02.21_Vortrag_Als-die-Welt-noch-schwarz-weiss-war_2-268x268.jpeg 268w\" sizes=\"(max-width: 150px) 100vw, 150px\" \/><\/a>\n\t\t\t<\/div>\n\t\t\t\t<figcaption class='wp-caption-text gallery-caption' id='gallery-1-2181'>\n\t\t\t\tVortrag-Als die Welt noch schwarz-weiss war\n\t\t\t\t<\/figcaption><\/figure>\n\t\t<\/div>\n\t\t<\/div>\n\t\t\t\t\t\t<\/div>\n\t\t\t\t<\/div>\n\t\t\t\t\t<\/div>\n\t\t\t\t<\/div>\n\t\t<div class=\"elementor-element elementor-element-e6b839f e-flex e-con-boxed e-con e-parent\" data-id=\"e6b839f\" data-element_type=\"container\" data-e-type=\"container\">\n\t\t\t\t\t<div class=\"e-con-inner\">\n\t\t\t\t<div class=\"elementor-element elementor-element-1287134 elementor-widget elementor-widget-heading\" data-id=\"1287134\" data-element_type=\"widget\" data-e-type=\"widget\" data-widget_type=\"heading.default\">\n\t\t\t\t<div class=\"elementor-widget-container\">\n\t\t\t\t\t<h2 class=\"elementor-heading-title elementor-size-default\">Freitag, 28. Januar 2022<\/h2>\t\t\t\t<\/div>\n\t\t\t\t<\/div>\n\t\t\t\t<div class=\"elementor-element elementor-element-30a16a8 elementor-widget elementor-widget-heading\" data-id=\"30a16a8\" data-element_type=\"widget\" data-e-type=\"widget\" data-widget_type=\"heading.default\">\n\t\t\t\t<div class=\"elementor-widget-container\">\n\t\t\t\t\t<h2 class=\"elementor-heading-title elementor-size-default\">Gesellschaftsabend<\/h2>\t\t\t\t<\/div>\n\t\t\t\t<\/div>\n\t\t\t\t<div class=\"elementor-element elementor-element-5f1a76c elementor-widget elementor-widget-text-editor\" data-id=\"5f1a76c\" data-element_type=\"widget\" data-e-type=\"widget\" data-widget_type=\"text-editor.default\">\n\t\t\t\t<div class=\"elementor-widget-container\">\n\t\t\t\t\t\t\t\t\t<p>Corona-bedingt fand der Gesellschaftsanlass erst im Mai statt. Die Wetziker Klarinettistin Carmen Berger trat erstmals gemeinsam mit der Akkordeonistin Cindy Schwemmer zusammen auf. Die beiden harmonierten auf Anhieb prima, und es war eine Freude, den beiden Vollblut-Musikerinnen bei ihren abwechslungsreichen Darbietung zuzuh\u00f6ren. Leider blieb die Zahl der Teilnehmenden unter unseren Erwartungen. War das der Verschiebung geschuldet, oder sind unsere Mitglieder abends nicht mehr so ausgehfreudig.<\/p>\t\t\t\t\t\t\t\t<\/div>\n\t\t\t\t<\/div>\n\t\t\t\t\t<\/div>\n\t\t\t\t<\/div>\n\t\t<div class=\"elementor-element elementor-element-0c28bd1 e-flex e-con-boxed e-con e-parent\" data-id=\"0c28bd1\" data-element_type=\"container\" data-e-type=\"container\">\n\t\t\t\t\t<div class=\"e-con-inner\">\n\t\t\t\t<div class=\"elementor-element elementor-element-d5b8750 elementor-widget elementor-widget-heading\" data-id=\"d5b8750\" data-element_type=\"widget\" data-e-type=\"widget\" data-widget_type=\"heading.default\">\n\t\t\t\t<div class=\"elementor-widget-container\">\n\t\t\t\t\t<h2 class=\"elementor-heading-title elementor-size-default\">Donnerstag, 09. Dezember 2021<\/h2>\t\t\t\t<\/div>\n\t\t\t\t<\/div>\n\t\t\t\t<div class=\"elementor-element elementor-element-5bce9d4 elementor-widget elementor-widget-heading\" data-id=\"5bce9d4\" data-element_type=\"widget\" data-e-type=\"widget\" data-widget_type=\"heading.default\">\n\t\t\t\t<div class=\"elementor-widget-container\">\n\t\t\t\t\t<h2 class=\"elementor-heading-title elementor-size-default\">Adventsanlass - einmal etwas anders \"N\u00f6d lugg loh gw\u00fcnnt\"<\/h2>\t\t\t\t<\/div>\n\t\t\t\t<\/div>\n\t\t\t\t<div class=\"elementor-element elementor-element-0f19cbd elementor-widget elementor-widget-text-editor\" data-id=\"0f19cbd\" data-element_type=\"widget\" data-e-type=\"widget\" data-widget_type=\"text-editor.default\">\n\t\t\t\t<div class=\"elementor-widget-container\">\n\t\t\t\t\t\t\t\t\t<p>Matthias Peter trug uns gekonnt den Theatermonolog &#8222;N\u00f6d lugg loh gw\u00fcnnt&#8220; \u00fcber den &#8222;Bankvater&#8220; und ZKB-Gr\u00fcnder Johann Jakob Keller vor. Der k\u00fcnstlerische Leiter der Kellerb\u00fchne St. Gallen f\u00fchlt sich zusammen mit seiner Frau, die ihn bei seinem Auftritt in der BWSZO hinter den Kulissen unterst\u00fctzt hatte, beim anschliessenden Beisammensein mit unseren Mitgliedern sichtlich wohl &#8211; was unserem Verein einmal mehr ein gutes Zeugnis ausstellt.\u00a0<\/p>\t\t\t\t\t\t\t\t<\/div>\n\t\t\t\t<\/div>\n\t\t\t\t<div class=\"elementor-element elementor-element-a34fa95 elementor-widget elementor-widget-image-gallery\" data-id=\"a34fa95\" data-element_type=\"widget\" data-e-type=\"widget\" data-widget_type=\"image-gallery.default\">\n\t\t\t\t<div class=\"elementor-widget-container\">\n\t\t\t\t\t\t\t<div class=\"elementor-image-gallery\">\n\t\t\t<div id='gallery-2' class='gallery galleryid-1888 gallery-columns-3 gallery-size-thumbnail'><figure class='gallery-item'>\n\t\t\t<div class='gallery-icon landscape'>\n\t\t\t\t<a data-elementor-open-lightbox=\"yes\" data-elementor-lightbox-slideshow=\"a34fa95\" data-elementor-lightbox-title=\"Adventsanlass - Theatermonolog &quot;N\u00f6d lugg loh gw\u00fcnnt&quot;\" data-e-action-hash=\"#elementor-action%3Aaction%3Dlightbox%26settings%3DeyJpZCI6MjE3NSwidXJsIjoiaHR0cHM6XC9cL2Fndy13ZXR6aWtvbi5jaFwvaW5oYWx0XC93cC1jb250ZW50XC91cGxvYWRzXC8yMDI0XC8wOFwvMDkuMTIuMjFfQWR2ZW50c2FubGFzc19CYW5rdmF0ZXJfMS5qcGVnIiwic2xpZGVzaG93IjoiYTM0ZmE5NSJ9\" rel='attachment' href='https:\/\/agw-wetzikon.ch\/inhalt\/wp-content\/uploads\/2024\/08\/09.12.21_Adventsanlass_Bankvater_1.jpeg'><img decoding=\"async\" width=\"150\" height=\"150\" src=\"https:\/\/agw-wetzikon.ch\/inhalt\/wp-content\/uploads\/2024\/08\/09.12.21_Adventsanlass_Bankvater_1-150x150.jpeg\" class=\"attachment-thumbnail size-thumbnail\" alt=\"\" aria-describedby=\"gallery-2-2175\" srcset=\"https:\/\/agw-wetzikon.ch\/inhalt\/wp-content\/uploads\/2024\/08\/09.12.21_Adventsanlass_Bankvater_1-150x150.jpeg 150w, https:\/\/agw-wetzikon.ch\/inhalt\/wp-content\/uploads\/2024\/08\/09.12.21_Adventsanlass_Bankvater_1-432x432.jpeg 432w, https:\/\/agw-wetzikon.ch\/inhalt\/wp-content\/uploads\/2024\/08\/09.12.21_Adventsanlass_Bankvater_1-268x268.jpeg 268w\" sizes=\"(max-width: 150px) 100vw, 150px\" \/><\/a>\n\t\t\t<\/div>\n\t\t\t\t<figcaption class='wp-caption-text gallery-caption' id='gallery-2-2175'>\n\t\t\t\tAdventsanlass &#8211; \u00fcber den &#8222;Bankvater&#8220; und ZKB-Gr\u00fcnder Johnann Jakob Keller von und mit Matthias Peter\n\t\t\t\t<\/figcaption><\/figure><figure class='gallery-item'>\n\t\t\t<div class='gallery-icon landscape'>\n\t\t\t\t<a data-elementor-open-lightbox=\"yes\" data-elementor-lightbox-slideshow=\"a34fa95\" data-elementor-lightbox-title=\"Adventsanlass - Theatermonolog &quot;N\u00f6d lugg loh gw\u00fcnnt&quot;\" data-e-action-hash=\"#elementor-action%3Aaction%3Dlightbox%26settings%3DeyJpZCI6MjE3NiwidXJsIjoiaHR0cHM6XC9cL2Fndy13ZXR6aWtvbi5jaFwvaW5oYWx0XC93cC1jb250ZW50XC91cGxvYWRzXC8yMDI0XC8wOFwvMDkuMTIuMjFfQWR2ZW50c2FubGFzc19CYW5rdmF0ZXJfMi5qcGVnIiwic2xpZGVzaG93IjoiYTM0ZmE5NSJ9\" rel='attachment' href='https:\/\/agw-wetzikon.ch\/inhalt\/wp-content\/uploads\/2024\/08\/09.12.21_Adventsanlass_Bankvater_2.jpeg'><img decoding=\"async\" width=\"150\" height=\"150\" src=\"https:\/\/agw-wetzikon.ch\/inhalt\/wp-content\/uploads\/2024\/08\/09.12.21_Adventsanlass_Bankvater_2-150x150.jpeg\" class=\"attachment-thumbnail size-thumbnail\" alt=\"\" aria-describedby=\"gallery-2-2176\" srcset=\"https:\/\/agw-wetzikon.ch\/inhalt\/wp-content\/uploads\/2024\/08\/09.12.21_Adventsanlass_Bankvater_2-150x150.jpeg 150w, https:\/\/agw-wetzikon.ch\/inhalt\/wp-content\/uploads\/2024\/08\/09.12.21_Adventsanlass_Bankvater_2-432x432.jpeg 432w, https:\/\/agw-wetzikon.ch\/inhalt\/wp-content\/uploads\/2024\/08\/09.12.21_Adventsanlass_Bankvater_2-268x268.jpeg 268w\" sizes=\"(max-width: 150px) 100vw, 150px\" \/><\/a>\n\t\t\t<\/div>\n\t\t\t\t<figcaption class='wp-caption-text gallery-caption' id='gallery-2-2176'>\n\t\t\t\tAdventsanlass &#8211; \u00fcber den &#8222;Bankvater&#8220; und ZKB-Gr\u00fcnder Johnann Jakob Keller von und mit Matthias Peter\n\t\t\t\t<\/figcaption><\/figure><figure class='gallery-item'>\n\t\t\t<div class='gallery-icon landscape'>\n\t\t\t\t<a data-elementor-open-lightbox=\"yes\" data-elementor-lightbox-slideshow=\"a34fa95\" data-elementor-lightbox-title=\"Adventsanlass - Theatermonolog &quot;N\u00f6d lugg loh gw\u00fcnnt&quot;\" data-e-action-hash=\"#elementor-action%3Aaction%3Dlightbox%26settings%3DeyJpZCI6MjE3NywidXJsIjoiaHR0cHM6XC9cL2Fndy13ZXR6aWtvbi5jaFwvaW5oYWx0XC93cC1jb250ZW50XC91cGxvYWRzXC8yMDI0XC8wOFwvMDkuMTIuMjFfQWR2ZW50c2FubGFzc19CYW5rdmF0ZXJfMy5qcGciLCJzbGlkZXNob3ciOiJhMzRmYTk1In0%3D\" rel='attachment' href='https:\/\/agw-wetzikon.ch\/inhalt\/wp-content\/uploads\/2024\/08\/09.12.21_Adventsanlass_Bankvater_3.jpg'><img loading=\"lazy\" decoding=\"async\" width=\"150\" height=\"150\" src=\"https:\/\/agw-wetzikon.ch\/inhalt\/wp-content\/uploads\/2024\/08\/09.12.21_Adventsanlass_Bankvater_3-150x150.jpg\" class=\"attachment-thumbnail size-thumbnail\" alt=\"\" aria-describedby=\"gallery-2-2177\" srcset=\"https:\/\/agw-wetzikon.ch\/inhalt\/wp-content\/uploads\/2024\/08\/09.12.21_Adventsanlass_Bankvater_3-150x150.jpg 150w, https:\/\/agw-wetzikon.ch\/inhalt\/wp-content\/uploads\/2024\/08\/09.12.21_Adventsanlass_Bankvater_3-432x432.jpg 432w, https:\/\/agw-wetzikon.ch\/inhalt\/wp-content\/uploads\/2024\/08\/09.12.21_Adventsanlass_Bankvater_3-268x268.jpg 268w\" sizes=\"(max-width: 150px) 100vw, 150px\" \/><\/a>\n\t\t\t<\/div>\n\t\t\t\t<figcaption class='wp-caption-text gallery-caption' id='gallery-2-2177'>\n\t\t\t\tAdventsanlass &#8211; \u00fcber den &#8222;Bankvater&#8220; und ZKB-Gr\u00fcnder Johnann Jakob Keller von und mit Matthias Peter\n\t\t\t\t<\/figcaption><\/figure>\n\t\t<\/div>\n\t\t<\/div>\n\t\t\t\t\t\t<\/div>\n\t\t\t\t<\/div>\n\t\t\t\t\t<\/div>\n\t\t\t\t<\/div>\n\t\t<div class=\"elementor-element elementor-element-2198750 e-flex e-con-boxed e-con e-parent\" data-id=\"2198750\" data-element_type=\"container\" data-e-type=\"container\">\n\t\t\t\t\t<div class=\"e-con-inner\">\n\t\t\t\t<div class=\"elementor-element elementor-element-2be389f elementor-widget elementor-widget-heading\" data-id=\"2be389f\" data-element_type=\"widget\" data-e-type=\"widget\" data-widget_type=\"heading.default\">\n\t\t\t\t<div class=\"elementor-widget-container\">\n\t\t\t\t\t<h2 class=\"elementor-heading-title elementor-size-default\">Donnerstag, 18. November 2021<\/h2>\t\t\t\t<\/div>\n\t\t\t\t<\/div>\n\t\t\t\t<div class=\"elementor-element elementor-element-85ec773 elementor-widget elementor-widget-heading\" data-id=\"85ec773\" data-element_type=\"widget\" data-e-type=\"widget\" data-widget_type=\"heading.default\">\n\t\t\t\t<div class=\"elementor-widget-container\">\n\t\t\t\t\t<h2 class=\"elementor-heading-title elementor-size-default\">Der Millionenbach Wetzikon - Uster<\/h2>\t\t\t\t<\/div>\n\t\t\t\t<\/div>\n\t\t\t\t<div class=\"elementor-element elementor-element-6cab4e5 elementor-widget elementor-widget-text-editor\" data-id=\"6cab4e5\" data-element_type=\"widget\" data-e-type=\"widget\" data-widget_type=\"text-editor.default\">\n\t\t\t\t<div class=\"elementor-widget-container\">\n\t\t\t\t\t\t\t\t\t<p>Rico Tr\u00fcmpler sprach \u00fcber den &#8222;Millionenbach&#8220; und die daran gelegenen Fabriken, insbesondere diejenige seiner eigenen Familie. Er konnte aus dem Vollen sch\u00f6pfen, denn er kannte die Materie wie kaum ein Zweiter.<\/p>\t\t\t\t\t\t\t\t<\/div>\n\t\t\t\t<\/div>\n\t\t\t\t\t<\/div>\n\t\t\t\t<\/div>\n\t\t<div class=\"elementor-element elementor-element-0dcf545 e-flex e-con-boxed e-con e-parent\" data-id=\"0dcf545\" data-element_type=\"container\" data-e-type=\"container\">\n\t\t\t\t\t<div class=\"e-con-inner\">\n\t\t\t\t<div class=\"elementor-element elementor-element-0076858 elementor-widget elementor-widget-heading\" data-id=\"0076858\" data-element_type=\"widget\" data-e-type=\"widget\" data-widget_type=\"heading.default\">\n\t\t\t\t<div class=\"elementor-widget-container\">\n\t\t\t\t\t<h2 class=\"elementor-heading-title elementor-size-default\">Samstag, 23. Oktober 2021<\/h2>\t\t\t\t<\/div>\n\t\t\t\t<\/div>\n\t\t\t\t<div class=\"elementor-element elementor-element-c24c303 elementor-widget elementor-widget-heading\" data-id=\"c24c303\" data-element_type=\"widget\" data-e-type=\"widget\" data-widget_type=\"heading.default\">\n\t\t\t\t<div class=\"elementor-widget-container\">\n\t\t\t\t\t<h2 class=\"elementor-heading-title elementor-size-default\">Mitgliederversammlung<\/h2>\t\t\t\t<\/div>\n\t\t\t\t<\/div>\n\t\t\t\t<div class=\"elementor-element elementor-element-8333251 elementor-widget elementor-widget-text-editor\" data-id=\"8333251\" data-element_type=\"widget\" data-e-type=\"widget\" data-widget_type=\"text-editor.default\">\n\t\t\t\t<div class=\"elementor-widget-container\">\n\t\t\t\t\t\t\t\t\t<p>An der Mitgliederversammlung war die Freude und Erleichterung sp\u00fcrbar, wieder gemeinsam an einem Tisch sitzen und Kaffe mit Kuchen geniessen zu k\u00f6nnen.<\/p>\t\t\t\t\t\t\t\t<\/div>\n\t\t\t\t<\/div>\n\t\t\t\t\t<\/div>\n\t\t\t\t<\/div>\n\t\t<div class=\"elementor-element elementor-element-6820d75 e-flex e-con-boxed e-con e-parent\" data-id=\"6820d75\" data-element_type=\"container\" data-e-type=\"container\">\n\t\t\t\t\t<div class=\"e-con-inner\">\n\t\t\t\t<div class=\"elementor-element elementor-element-f751d0d elementor-widget elementor-widget-heading\" data-id=\"f751d0d\" data-element_type=\"widget\" data-e-type=\"widget\" data-widget_type=\"heading.default\">\n\t\t\t\t<div class=\"elementor-widget-container\">\n\t\t\t\t\t<h2 class=\"elementor-heading-title elementor-size-default\">Freitag, 1. Oktober 2021<\/h2>\t\t\t\t<\/div>\n\t\t\t\t<\/div>\n\t\t\t\t<div class=\"elementor-element elementor-element-ebdba19 elementor-widget elementor-widget-heading\" data-id=\"ebdba19\" data-element_type=\"widget\" data-e-type=\"widget\" data-widget_type=\"heading.default\">\n\t\t\t\t<div class=\"elementor-widget-container\">\n\t\t\t\t\t<h2 class=\"elementor-heading-title elementor-size-default\">F\u00fchrung j\u00fcdischer Kulturweg Endingen-Lengnau<\/h2>\t\t\t\t<\/div>\n\t\t\t\t<\/div>\n\t\t\t\t<div class=\"elementor-element elementor-element-2898056 elementor-widget elementor-widget-text-editor\" data-id=\"2898056\" data-element_type=\"widget\" data-e-type=\"widget\" data-widget_type=\"text-editor.default\">\n\t\t\t\t<div class=\"elementor-widget-container\">\n\t\t\t\t\t\t\t\t\t<p>Wir sind mit einem Ausflug zum j\u00fcdischen Kulturweg Endlingen-Lengnau mit anschliessendem Mittagessen in Zurzach ins neue Vereinsjahr gestartet. Wir hatten gen\u00fcgend Zeit, um das ganze Programm ohne Eile absolvieren zu k\u00f6nnen, und das gemeinsame Mittagessen gab die Gelegenheit, sich untereinander auszutauschen.\u00a0<\/p>\t\t\t\t\t\t\t\t<\/div>\n\t\t\t\t<\/div>\n\t\t\t\t\t<\/div>\n\t\t\t\t<\/div>\n\t\t\t\t<\/div>\n\t\t","protected":false},"excerpt":{"rendered":"<p>Donnerstag, 07. April 2022 Auf den Spuren von Jakob Stutz (1801-1877) Zum Schluss unserer Vortragsreihe kam Dieter Hitz hinzu, der seinen neuesten Film unterdessen abgeschlossen hatte. Er geht auf die Spuren des Z\u00fcrcher Oberl\u00e4nder Voksdichters Jakob Stutz. Es gelang unserem fr\u00fcheren Pr\u00e4sidenten bestens, die Lebengsgeschichte \u00a0dieser schillerden Pers\u00f6nlichkeit darzustellen und &#8230;<\/p>\n","protected":false},"author":1,"featured_media":0,"parent":0,"menu_order":0,"comment_status":"closed","ping_status":"closed","template":"","meta":{"footnotes":""},"class_list":["post-1888","page","type-page","status-publish","hentry","column","twocol"],"_links":{"self":[{"href":"https:\/\/agw-wetzikon.ch\/inhalt\/wp-json\/wp\/v2\/pages\/1888","targetHints":{"allow":["GET"]}}],"collection":[{"href":"https:\/\/agw-wetzikon.ch\/inhalt\/wp-json\/wp\/v2\/pages"}],"about":[{"href":"https:\/\/agw-wetzikon.ch\/inhalt\/wp-json\/wp\/v2\/types\/page"}],"author":[{"embeddable":true,"href":"https:\/\/agw-wetzikon.ch\/inhalt\/wp-json\/wp\/v2\/users\/1"}],"replies":[{"embeddable":true,"href":"https:\/\/agw-wetzikon.ch\/inhalt\/wp-json\/wp\/v2\/comments?post=1888"}],"version-history":[{"count":0,"href":"https:\/\/agw-wetzikon.ch\/inhalt\/wp-json\/wp\/v2\/pages\/1888\/revisions"}],"wp:attachment":[{"href":"https:\/\/agw-wetzikon.ch\/inhalt\/wp-json\/wp\/v2\/media?parent=1888"}],"curies":[{"name":"wp","href":"https:\/\/api.w.org\/{rel}","templated":true}]}}