{"id":16,"date":"2015-10-08T15:54:54","date_gmt":"2015-10-08T13:54:54","guid":{"rendered":"http:\/\/agw-wetzikon.ch\/inhalt\/?page_id=16"},"modified":"2025-09-01T13:44:12","modified_gmt":"2025-09-01T11:44:12","slug":"programm","status":"publish","type":"page","link":"https:\/\/agw-wetzikon.ch\/inhalt\/programm\/","title":{"rendered":"Programm 2025-2026"},"content":{"rendered":"\t\t<div data-elementor-type=\"wp-page\" data-elementor-id=\"16\" class=\"elementor elementor-16\">\n\t\t\t\t<div class=\"elementor-element elementor-element-5ae49e36 e-con-full e-flex e-con e-parent\" data-id=\"5ae49e36\" data-element_type=\"container\" data-e-type=\"container\">\n\t\t\t\t<div class=\"elementor-element elementor-element-5411563 elementor-widget__width-inherit elementor-widget elementor-widget-text-editor\" data-id=\"5411563\" data-element_type=\"widget\" data-e-type=\"widget\" data-widget_type=\"text-editor.default\">\n\t\t\t\t<div class=\"elementor-widget-container\">\n\t\t\t\t\t\t\t\t\t<p><strong><a href=\"https:\/\/agw-wetzikon.ch\/inhalt\/wp-content\/uploads\/2025\/09\/AGW-Jahresprogramm-2025-2026.pdf\" target=\"_blank\" rel=\"noopener\">AGW Jahresprogramm 2025-2026<\/a><\/strong><\/p>\n<p><span style=\"color: #000000;\"><span style=\"font-size: 12pt;\"><strong>Donnerstag, 02. Oktober 2025<br \/><\/strong><\/span><\/span><span style=\"color: #000000;\"><span style=\"font-size: 12pt;\">ganztags<br \/><\/span><\/span><span style=\"color: #000000;\"><span style=\"font-size: medium;\"><b>Herbstausflug nach Elm<\/b><\/span><br \/><span style=\"font-size: 12pt;\">F\u00fchrung durch die ehemalige Schiefertafelfabrik Elm mit anschliessendem Mittagessen. Auf der R\u00fcckfahrt Zwischenhalt in N\u00e4fels mit der Gelegenheit, individuell die neue Ausstellung &#8222;Glarner Textildruck&#8220; zu besuchen.<br \/>(separate Einladung)<\/span><\/span><\/p>\n<p><span style=\"color: #000000;\"><span style=\"font-size: 12pt;\"><strong>Samstag,\u00a011. Oktober 2025<br \/><\/strong><\/span><\/span><span style=\"color: #000000;\"><span style=\"font-size: 12pt;\">15.00 Uhr, BWSZO, Mehrzweckraum<br \/><\/span><\/span><span style=\"color: #000000;\"><span style=\"font-size: 12pt;\"><strong>Mitgliederversammlung<\/strong><\/span><br \/><span style=\"font-size: 12pt;\">Anschliessend zeigt Dieter Hitz seinen neuen Kurzfilm &#8222;Leben in eisiger K\u00e4lte&#8220;, danach gem\u00fctliches Beisammensein bei Kaffee und Kuchen.<br \/>(separate Einladung)<\/span><br \/><\/span><\/p>\n<p><span style=\"font-size: 12pt;\"><strong><span style=\"color: #000000;\">Donnerstag, 13. November 2025<br \/><\/span><\/strong><span style=\"color: #000000;\">14.30 Uhr, Zentralbibliothek Z\u00fcrich, Haupteingang<\/span><strong><span style=\"color: #000000;\"><br \/><\/span><span style=\"color: #000000;\">Auf den Spuren von Johann Caspar Lavater<br \/><\/span><\/strong><\/span><span style=\"color: #000000;\">Wir besichtigen unsere Exponate und informieren uns \u00fcber den Z\u00fcrcher Philosophen, Pfarrer und Schriftsteller und dessen Zeitgenossen.<br \/>(separate Einladung)<\/span><\/p>\n<p><span style=\"color: #000000;\"><span style=\"font-size: 12pt;\"><strong>Donnerstag, 11. Dezember 2025<br \/><\/strong><\/span><span style=\"font-size: 12pt;\">19.30 Uhr, BWSZO, Mehrzweckraum<br \/><\/span><span style=\"font-size: medium;\"><b>Chlausfeier mit unserem &#8222;Hausorchester&#8220; Trio Armonico<\/b><\/span><br \/><span style=\"font-size: 12pt;\">Gem\u00fctliches Beisammensein mit &#8222;Chlausigem&#8220; und einem Glas Wein.\u00a0<\/span><\/span><\/p>\n<p><strong style=\"color: var( --e-global-color-text );\"><span style=\"color: #000000; font-size: medium;\">\u00a0<\/span><\/strong><\/p>\n<p><strong style=\"color: var( --e-global-color-text );\"><span style=\"color: #000000; font-size: medium;\">\u00a0<\/span><\/strong><strong style=\"text-align: var(--text-align);\"><span style=\"font-size: medium;\"><span style=\"color: #000000;\">Freitag, 09. Januar 2026<span style=\"caret-color: #000000;\"><br \/><\/span><\/span><\/span><\/strong><span style=\"text-align: var(--text-align);\"><span style=\"font-size: medium;\"><span style=\"color: #000000;\">18.00 Uhr, Sall iwaz, Wetzikon<\/span><br \/><\/span><\/span><b style=\"text-align: var(--text-align); color: #000000;\">Jahresanfang<br \/><\/b><span style=\"text-align: var(--text-align); font-size: 12pt; color: #000000;\">Wir stossen bei einem feinen Nachtessen aufs neue Jahr an und bringen uns mit den stimmungsvollen Kl\u00e4ngen der MZO Big Band in Fahrt.<br \/><\/span><span style=\"text-align: var(--text-align); font-size: 12pt; color: #000000;\">(separate Einladung)<\/span><\/p>\n<p><strong><span style=\"font-size: medium; color: #000000;\">Donnerstag,\u00a012. Februar 2026<\/span><br \/><\/strong><span style=\"color: #000000; font-size: 12pt;\">19.30 Uhr, BWSZO, Mehrzweckraum<br \/><\/span><b style=\"font-size: 12pt; color: #000000;\">Der Brunnensammler<br \/><\/b><span style=\"color: #000000; font-size: 12pt;\">Ren\u00e9 Hunziker pr\u00e4sentiert uns in Wort und Bild ausgew\u00e4hlte Brunnen von Wetzikon und gibt Einblick in seine Sammlung.<\/span><\/p>\n<p><span style=\"color: #000000;\"><span style=\"font-size: 12pt;\"><strong><span style=\"color: #000000;\">Donnerstag, \u00a012. M\u00e4rz 2026<\/span><br \/><\/strong>19.30 Uhr, BWSZO, Mehrzweckraum<br \/><strong>Zwischen Tradition und Innovation &#8211; Gesichter des Z\u00fcrcher Oberlandes<\/strong><br \/><\/span><\/span><span style=\"font-size: 12pt; color: #000000; text-align: var(--text-align);\">Unser Mitglied Claudia Fischer-Karrer erz\u00e4hlt, wie es zu diesem interessanten Buch kam und stellt es vor.<\/span><\/p>\n<p><span style=\"color: #000000;\"><span style=\"font-size: 12pt;\"><strong>Donnerstag,\u00a016. April 2026<br \/><\/strong>19.30 Uhr, BWSZO, Mehrzweckraum<br \/><b>Genussvolles Piemont<\/b><br \/>Unser Mitglied Balz<\/span><\/span><span style=\"font-size: 12pt; color: #000000; text-align: var(--text-align);\">\u00a0Hausenbauer bringt uns eine abwechslungsreiche italienische Region n\u00e4her.<\/span><\/p>\n<p><span style=\"color: #000000;\"><span style=\"font-size: 12pt;\">\u00a0<\/span><\/span><\/p>\n<p>\u00a0<\/p>\n<p>\u00a0<\/p>\t\t\t\t\t\t\t\t<\/div>\n\t\t\t\t<\/div>\n\t\t\t\t<\/div>\n\t\t<div class=\"elementor-element elementor-element-177fb81 e-con-full e-flex e-con e-parent\" data-id=\"177fb81\" data-element_type=\"container\" data-e-type=\"container\">\n\t\t\t\t<div class=\"elementor-element elementor-element-1368f7d elementor-widget elementor-widget-text-editor\" data-id=\"1368f7d\" data-element_type=\"widget\" data-e-type=\"widget\" data-widget_type=\"text-editor.default\">\n\t\t\t\t<div class=\"elementor-widget-container\">\n\t\t\t\t\t\t\t\t\t<p><\/p>\n<p><span style=\"color: #000000;\"><strong><span style=\"font-size: 12pt;\">Unser Vereinslokal liegt an der <\/span><span style=\"font-size: medium;\">T\u00f6sstalstrasse 36 in Wetzikon<\/span><\/strong><\/span><br \/><span style=\"font-size: 12pt; color: #000000;\">Mit Bus 850\/851 bis Haltestelle Talhof<\/span><\/p>\n<p><a href=\"https:\/\/www.google.com\/maps\/dir\/\/Berufswahl-+und+Weiterbildungsschule+Z%C3%BCrcher+Oberland+Wetzikon+BWSZO+T%C3%B6sstalstrasse+36+8623+Wetzikon\/@47.3324861,8.7741756,13z\/data=!4m9!4m8!1m0!1m5!1m1!1s0x479abbe46bc18099:0x2216baff0f2ee7a6!2m2!1d8.8154607!2d47.3324353!3e0?entry=ttu&amp;g_ep=EgoyMDI0MDkwNC4wIKXMDSoASAFQAw%3D%3D\" target=\"_blank\" rel=\"noopener\">Routenplaner auf Google Maps ansehen<\/a><\/p>\t\t\t\t\t\t\t\t<\/div>\n\t\t\t\t<\/div>\n\t\t\t\t<\/div>\n\t\t\t\t<\/div>\n\t\t","protected":false},"excerpt":{"rendered":"<p>AGW Jahresprogramm 2025-2026 Donnerstag, 02. Oktober 2025ganztagsHerbstausflug nach ElmF\u00fchrung durch die ehemalige Schiefertafelfabrik Elm mit anschliessendem Mittagessen. Auf der R\u00fcckfahrt Zwischenhalt in N\u00e4fels mit der Gelegenheit, individuell die neue Ausstellung &#8222;Glarner Textildruck&#8220; zu besuchen.(separate Einladung) Samstag,\u00a011. Oktober 202515.00 Uhr, BWSZO, MehrzweckraumMitgliederversammlungAnschliessend zeigt Dieter Hitz seinen neuen Kurzfilm &#8222;Leben in eisiger &#8230;<\/p>\n","protected":false},"author":1,"featured_media":0,"parent":0,"menu_order":0,"comment_status":"closed","ping_status":"closed","template":"","meta":{"footnotes":""},"class_list":["post-16","page","type-page","status-publish","hentry","column","twocol"],"_links":{"self":[{"href":"https:\/\/agw-wetzikon.ch\/inhalt\/wp-json\/wp\/v2\/pages\/16","targetHints":{"allow":["GET"]}}],"collection":[{"href":"https:\/\/agw-wetzikon.ch\/inhalt\/wp-json\/wp\/v2\/pages"}],"about":[{"href":"https:\/\/agw-wetzikon.ch\/inhalt\/wp-json\/wp\/v2\/types\/page"}],"author":[{"embeddable":true,"href":"https:\/\/agw-wetzikon.ch\/inhalt\/wp-json\/wp\/v2\/users\/1"}],"replies":[{"embeddable":true,"href":"https:\/\/agw-wetzikon.ch\/inhalt\/wp-json\/wp\/v2\/comments?post=16"}],"version-history":[{"count":25,"href":"https:\/\/agw-wetzikon.ch\/inhalt\/wp-json\/wp\/v2\/pages\/16\/revisions"}],"predecessor-version":[{"id":2400,"href":"https:\/\/agw-wetzikon.ch\/inhalt\/wp-json\/wp\/v2\/pages\/16\/revisions\/2400"}],"wp:attachment":[{"href":"https:\/\/agw-wetzikon.ch\/inhalt\/wp-json\/wp\/v2\/media?parent=16"}],"curies":[{"name":"wp","href":"https:\/\/api.w.org\/{rel}","templated":true}]}}