{"id":13,"date":"2015-10-08T15:54:31","date_gmt":"2015-10-08T13:54:31","guid":{"rendered":"http:\/\/agw-wetzikon.ch\/inhalt\/?page_id=13"},"modified":"2023-09-16T08:17:52","modified_gmt":"2023-09-16T06:17:52","slug":"vereinsgeschichte","status":"publish","type":"page","link":"https:\/\/agw-wetzikon.ch\/inhalt\/vereinsgeschichte\/","title":{"rendered":"Vereinsgeschichte"},"content":{"rendered":"<div class=\"wp-block-image\">\n<figure class=\"alignright\"><a href=\"http:\/\/agw-wetzikon.ch\/inhalt\/wp-content\/uploads\/2015\/10\/800px-Messikommer3.gif\"><img fetchpriority=\"high\" decoding=\"async\" width=\"300\" height=\"204\" src=\"http:\/\/agw-wetzikon.ch\/inhalt\/wp-content\/uploads\/2015\/10\/800px-Messikommer3-300x204.gif\" alt=\"Dr. Jakob Messikommer mit G\u00e4sten bei der Pfahlbauten-Fundstelle in Robenhausen bei Wetzikon\" class=\"wp-image-94\" srcset=\"https:\/\/agw-wetzikon.ch\/inhalt\/wp-content\/uploads\/2015\/10\/800px-Messikommer3-300x204.gif 300w, https:\/\/agw-wetzikon.ch\/inhalt\/wp-content\/uploads\/2015\/10\/800px-Messikommer3-332x225.gif 332w\" sizes=\"(max-width: 300px) 100vw, 300px\" \/><\/a><figcaption class=\"wp-element-caption\">Dr. Jakob Messikommer mit G\u00e4sten bei der Pfahlbauten-Fundstelle in Robenhausen<\/figcaption><\/figure>\n<\/div>\n\n\n<p>Der eigentliche Gr\u00fcndungsakt der Sektion Wetzikon sowie die Wahl des ersten Vorstandes fand im November statt. Das Protokoll vermerkt dazu: \u00abKonstituierende Sitzung der Antiquarischen Sektion Wetzikon. Mittwoch 2. Nov. 1887 in der Krone. Anwesend waren die Herren Antiquar Messikommer, Wirz-Gujer, Gujer-Tobler, Homberger-B\u00fchler, Lehrer Furrer und Pfarrer Flury. Nachdem der Vorsitzende Herr Antiquar Messikommer die Notwendigkeit einer Gesellschaftsordnung auseinander gesetzt und die Zustimmung aller Anwesenden gefunden hatte, beschloss man trotz der geringen Zahl sofort den Vorstand zu ernennen. Herr Antiquar Messikommer erkl\u00e4rte aufs entschiedenste, keine Wahl in den Vorstand anzunehmen. Gew\u00e4hlt wurden a) Pr\u00e4sident: Herr Werdm\u00fcller-D\u00fcrsteler, b) Qu\u00e4stor: Herr Homberger-B\u00fchler, c) Aktuar: Herr Pfarrer Flury. Dem neuen Vorstand wird der Auftrag erteilt, ein einfaches Statut zu entwerfen und in der n\u00e4chsten Sitzung vorzulegen.\u00bb<\/p>\n\n\n\n<div class=\"thumb tright\">\n<div class=\"thumbinner\"><strong>Gr\u00fcndung<br><\/strong>In der Krone wird die Antiquarische Gesellschaft gegr\u00fcndet. Die Genehmigung der Statuten der Antiquarischen Sektion Wetzikon erfolgte am 28. Dezember 1887 in der \u00abKrone\u00bb. Als Vereinszweck nannten die Statuten namentlich \u00abdie Belehrung der Mitglieder unter sich aus dem Gebiet vorgeschichtlicher und geschichtlicher Forschung, sowie die Pflege edler Geselligkeit.\u00bb Die Mitglieder der ersten Stunde bezeugten ihren Willen zum Beitritt mit ihrer Unterschrift auf dem handschriftlichen Original-Dokument. An der Wiege der Gesellschaft standen insgesamt 23 M\u00e4nner. Allein acht von ihnen bezeichneten sich in der Liste als Fabrikanten. Hinzu kamen weitere gut gestellte B\u00fcrger, vom Arzt und dem Pfarrer \u00fcber den Lehrer bis zum Notar. Auch der \u00abKronen\u00bb-Wirt gab seinen Beitritt.<\/div>\n<div class=\"thumbinner\">&nbsp;<\/div>\n<\/div>\n\n\n\n<div class=\"thumbinner\"><strong>Statuten<\/strong><\/div>\n\n\n\n<div class=\"thumb tright\">\n<div class=\"thumbinner\">\n<p>Die Antiquarische Sektion der Gr\u00fcnderzeit war eine verschworene, r\u00fchrige Gemeinschaft von M\u00e4nnern gehobenen Standes, welche sich ihrer Vereinigung mit Begeisterung, Hingabe und einem bewundernswerten Einfallsreichtum widmeten. Ein grosser Teil der Herren waren starke Pers\u00f6nlichkeiten, gewohnt ihre Meinung dezidiert zu vertreten und ihren Willen durchzusetzen. Die Mitglieder zahlten den f\u00fcr jene Zeiten respektablen Jahresbeitrag von sechs Franken. Die Verbindung mit der Z\u00fcrcher \u00abMutter\u00bb hatte nicht lange Bestand. Schnell k\u00fchlte sich das Verh\u00e4ltnis der Wetziker \u00abAntiquare\u00bb zu ihren Kollegen in der fernen Kantonshauptstadt deutlich ab. Die Hoffnung auf prominente Referenten aus dem Kreis der Z\u00fcrcher Antiquarischen Gesellschaft hatte sich n\u00e4mlich nur unzureichend erf\u00fcllt. So entschlossen sich die Wetziker, entgegen der bisherigen Gewohnheit, f\u00fcr die Berchtoldsfeier von 1894 keine Einladung mehr nach Z\u00fcrich zu schicken, \u00abum so mehr als uns trotz Ansuchens bis anhin noch kein Vortrag von dorten in Aussicht gestellt war.\u00bb Nur drei Jahre sp\u00e4ter wurde vom Vorstand als Reaktion auf das latente Missbehagen etwas trotzig beschlossen, die Gesellschaft in Z\u00fcrich solle f\u00fcr den kommenden Winter nicht um Vortr\u00e4ge angegangen werden. Bereits zuhanden der Sitzung vom 22. Dezember 1897 stellte der Vorstand den Antrag auf Austritt aus der Z\u00fcrcher Gesellschaft. Den Hauptgrund zu diesem Schritt bildete offiziell und gem\u00e4ss Protokoll das finanzielle Moment, sprich die Abgabe von j\u00e4hrlich drei Franken pro Mitglied nach Z\u00fcrich. Der Antrag wurde einstimmig zum Beschluss erhoben und die bisherige Sektion zur selbst\u00e4ndigen Gesellschaft umgewandelt.<\/p>\n<\/div>\n<\/div>\n\n\n\n<figure class=\"wp-block-image is-resized is-style-default\"><img decoding=\"async\" src=\"https:\/\/agw-wetzikon.ch\/inhalt\/wp-content\/uploads\/2023\/09\/agw-praesidenten_bild-robert-pfister-1024x624.jpg\" alt=\"\" class=\"wp-image-1960\" style=\"width:563px;height:343px\" width=\"563\" height=\"343\" srcset=\"https:\/\/agw-wetzikon.ch\/inhalt\/wp-content\/uploads\/2023\/09\/agw-praesidenten_bild-robert-pfister-1024x624.jpg 1024w, https:\/\/agw-wetzikon.ch\/inhalt\/wp-content\/uploads\/2023\/09\/agw-praesidenten_bild-robert-pfister-300x183.jpg 300w, https:\/\/agw-wetzikon.ch\/inhalt\/wp-content\/uploads\/2023\/09\/agw-praesidenten_bild-robert-pfister-768x468.jpg 768w, https:\/\/agw-wetzikon.ch\/inhalt\/wp-content\/uploads\/2023\/09\/agw-praesidenten_bild-robert-pfister-1536x937.jpg 1536w, https:\/\/agw-wetzikon.ch\/inhalt\/wp-content\/uploads\/2023\/09\/agw-praesidenten_bild-robert-pfister-700x427.jpg 700w, https:\/\/agw-wetzikon.ch\/inhalt\/wp-content\/uploads\/2023\/09\/agw-praesidenten_bild-robert-pfister-332x202.jpg 332w, https:\/\/agw-wetzikon.ch\/inhalt\/wp-content\/uploads\/2023\/09\/agw-praesidenten_bild-robert-pfister-268x164.jpg 268w, https:\/\/agw-wetzikon.ch\/inhalt\/wp-content\/uploads\/2023\/09\/agw-praesidenten_bild-robert-pfister.jpg 1950w\" sizes=\"(max-width: 563px) 100vw, 563px\" \/><\/figure>\n\n\n\n<p><br \/>Wie die drei fr\u00fcheren AGW-Pr\u00e4sidenten Dieter Hitz, Beat Meier und Walter Jacob (von links nach rechts) ihre Zeit in der AG erlebten, lesen Sie hier:<\/p>\n<p><a href=\"https:\/\/agw-wetzikon.ch\/inhalt\/wp-content\/uploads\/2023\/09\/walter-jacob_100-jahre-und-kein-bisschen-antiquiert_1978-89.pdf\" target=\"_blank\" rel=\"noopener\">Walter Jacob_100 Jahre und kein bisschen antiquiert (1978-89)<\/a><br \/><a href=\"https:\/\/agw-wetzikon.ch\/inhalt\/wp-content\/uploads\/2023\/09\/beat-meier_das-schloss-als-basis_1989-2001.pdf\" target=\"_blank\" rel=\"noopener\">Beat Meier_Das schloss als Basis (1989-2001)<\/a> <br \/><a href=\"https:\/\/agw-wetzikon.ch\/inhalt\/wp-content\/uploads\/2023\/09\/dieter-hitz_nur-wer-die-vergangenheit-kennt-hat-eine-zukunft_2001-14.pdf\" target=\"_blank\" rel=\"noopener\">Dieter Hitz_Nur wer die Vergangenheit kennt hat eine Zukunft (2001-14)<\/a> <br \/><br \/>Mehr zur AGW erfahren Sie im Jubil\u00e4umsbuch:<\/p>\n\n\n<div class=\"wp-block-image\">\n<figure class=\"alignleft\"><a href=\"http:\/\/agw-wetzikon.ch\/inhalt\/wp-content\/uploads\/2015\/10\/publikation.jpg\"><img decoding=\"async\" width=\"243\" height=\"300\" src=\"http:\/\/agw-wetzikon.ch\/inhalt\/wp-content\/uploads\/2015\/10\/publikation-243x300.jpg\" alt=\"Buch Zwischen Bildungslust und Pfahlbaufieber\" class=\"wp-image-620\" srcset=\"https:\/\/agw-wetzikon.ch\/inhalt\/wp-content\/uploads\/2015\/10\/publikation-243x300.jpg 243w, https:\/\/agw-wetzikon.ch\/inhalt\/wp-content\/uploads\/2015\/10\/publikation.jpg 308w\" sizes=\"(max-width: 243px) 100vw, 243px\" \/><\/a><figcaption class=\"wp-element-caption\">Buch Zwischen Bildungslust und Pfahlbaufieber<\/figcaption><\/figure>\n<\/div>\n\n\n<p>Das Buch k\u00f6nnen Sie beziehen bei:<\/p>\n\n\n\n<p>Anna-Regula Hagen<br>Sonnenfeldstrasse 7<br>8620 Wetzikon<br>044 930 65 77<br><a href=\"mailto:aktuarin@agw-wetzikon.ch\">aktuarin@agw-wetzikon.ch<br><\/a>Preis: Fr. 25.&#8211; Versandspesen Fr. 5.&#8211;<\/p>\n\n\n\n<p><a href=\"http:\/\/agw-wetzikon.ch\/inhalt\/wp-content\/uploads\/2015\/10\/Leseprobe.pdf\" target=\"_blank\" rel=\"noopener\">Leseprobe aus der Publikation<\/a><\/p>\n","protected":false},"excerpt":{"rendered":"<p>Der eigentliche Gr\u00fcndungsakt der Sektion Wetzikon sowie die Wahl des ersten Vorstandes fand im November statt. Das Protokoll vermerkt dazu: \u00abKonstituierende Sitzung der Antiquarischen Sektion Wetzikon. Mittwoch 2. Nov. 1887 in der Krone. Anwesend waren die Herren Antiquar Messikommer, Wirz-Gujer, Gujer-Tobler, Homberger-B\u00fchler, Lehrer Furrer und Pfarrer Flury. Nachdem der Vorsitzende &#8230;<\/p>\n","protected":false},"author":1,"featured_media":0,"parent":0,"menu_order":0,"comment_status":"closed","ping_status":"closed","template":"","meta":{"footnotes":""},"class_list":["post-13","page","type-page","status-publish","hentry","column","twocol"],"_links":{"self":[{"href":"https:\/\/agw-wetzikon.ch\/inhalt\/wp-json\/wp\/v2\/pages\/13","targetHints":{"allow":["GET"]}}],"collection":[{"href":"https:\/\/agw-wetzikon.ch\/inhalt\/wp-json\/wp\/v2\/pages"}],"about":[{"href":"https:\/\/agw-wetzikon.ch\/inhalt\/wp-json\/wp\/v2\/types\/page"}],"author":[{"embeddable":true,"href":"https:\/\/agw-wetzikon.ch\/inhalt\/wp-json\/wp\/v2\/users\/1"}],"replies":[{"embeddable":true,"href":"https:\/\/agw-wetzikon.ch\/inhalt\/wp-json\/wp\/v2\/comments?post=13"}],"version-history":[{"count":0,"href":"https:\/\/agw-wetzikon.ch\/inhalt\/wp-json\/wp\/v2\/pages\/13\/revisions"}],"wp:attachment":[{"href":"https:\/\/agw-wetzikon.ch\/inhalt\/wp-json\/wp\/v2\/media?parent=13"}],"curies":[{"name":"wp","href":"https:\/\/api.w.org\/{rel}","templated":true}]}}